{"id":350941,"date":"2024-01-23T17:33:07","date_gmt":"2024-01-23T17:33:07","guid":{"rendered":"https:\/\/rotermannikliinik.ee\/?page_id=350941"},"modified":"2024-03-16T19:27:53","modified_gmt":"2024-03-16T19:27:53","slug":"juureravi-mikroskoobiga","status":"publish","type":"page","link":"https:\/\/rotermannikliinik.ee\/en\/services\/microscopic-root-canal-treatment\/","title":{"rendered":"Root canal treatment"},"content":{"rendered":"<p>[et_pb_section fb_built=&#8221;1&#8243; custom_padding_last_edited=&#8221;on|phone&#8221; admin_label=&#8221;section&#8221; _builder_version=&#8221;4.23.4&#8243; background_image=&#8221;https:\/\/rotermannikliinik.ee\/wp-content\/uploads\/2024\/01\/IMG_7292-1024&#215;683.jpg&#8221; parallax=&#8221;on&#8221; height=&#8221;807px&#8221; height_tablet=&#8221;340px&#8221; height_phone=&#8221;525px&#8221; height_last_edited=&#8221;on|desktop&#8221; custom_padding=&#8221;20px||0px||false|false&#8221; custom_padding_tablet=&#8221;20px||0px||false|false&#8221; custom_padding_phone=&#8221;20px||0px||false|false&#8221; global_colors_info=&#8221;{}&#8221;][et_pb_row admin_label=&#8221;row&#8221; _builder_version=&#8221;4.23.4&#8243; background_size=&#8221;initial&#8221; background_position=&#8221;top_left&#8221; background_repeat=&#8221;repeat&#8221; global_colors_info=&#8221;{}&#8221;][et_pb_column type=&#8221;4_4&#8243; _builder_version=&#8221;4.23.4&#8243; custom_padding=&#8221;|||&#8221; global_colors_info=&#8221;{}&#8221; custom_padding__hover=&#8221;|||&#8221;][et_pb_text _builder_version=&#8221;4.23.4&#8243; _module_preset=&#8221;default&#8221; header_font=&#8221;Poppins|700|||||||&#8221; header_text_align=&#8221;left&#8221; header_text_color=&#8221;#FFFFFF&#8221; header_font_size=&#8221;64px&#8221; header_line_height=&#8221;1.1em&#8221; header_2_font=&#8221;Poppins|300|||||||&#8221; header_2_text_color=&#8221;#FFFFFF&#8221; header_2_font_size=&#8221;40px&#8221; header_2_line_height=&#8221;0.8em&#8221; custom_padding=&#8221;272px||||false|false&#8221; custom_padding_tablet=&#8221;90px||||false|false&#8221; custom_padding_phone=&#8221;155px||||false|false&#8221; custom_padding_last_edited=&#8221;on|phone&#8221; header_text_align_tablet=&#8221;left&#8221; header_text_align_phone=&#8221;left&#8221; header_text_align_last_edited=&#8221;on|phone&#8221; header_font_size_tablet=&#8221;45px&#8221; header_font_size_phone=&#8221;38px&#8221; header_font_size_last_edited=&#8221;on|phone&#8221; header_2_font_tablet=&#8221;Poppins|300|||||||&#8221; header_2_font_phone=&#8221;Poppins|300|||||||&#8221; header_2_font_last_edited=&#8221;on|phone&#8221; header_2_font_size_tablet=&#8221;31px&#8221; header_2_font_size_phone=&#8221;28px&#8221; header_2_font_size_last_edited=&#8221;on|desktop&#8221; header_2_letter_spacing_tablet=&#8221;-1px&#8221; header_2_letter_spacing_phone=&#8221;-1px&#8221; header_2_letter_spacing_last_edited=&#8221;on|desktop&#8221; header_text_shadow_style=&#8221;preset3&#8243; header_text_shadow_blur_strength=&#8221;0.5em&#8221; header_2_text_shadow_style=&#8221;preset3&#8243; header_2_text_shadow_blur_strength=&#8221;0.7em&#8221; header_2_text_shadow_color=&#8221;rgba(0,0,0,0.73)&#8221; global_colors_info=&#8221;{}&#8221;]<\/p>\n<h2>Services<\/h2>\n<h1>Root canal treatment<\/h1>\n<p>[\/et_pb_text][\/et_pb_column][\/et_pb_row][\/et_pb_section][et_pb_section fb_built=&#8221;1&#8243; _builder_version=&#8221;4.23.4&#8243; _module_preset=&#8221;default&#8221; custom_margin_tablet=&#8221;&#8221; custom_margin_phone=&#8221;||||false|false&#8221; custom_margin_last_edited=&#8221;on|phone&#8221; custom_padding=&#8221;||||false|false&#8221; global_colors_info=&#8221;{}&#8221;][et_pb_row _builder_version=&#8221;4.23.4&#8243; _module_preset=&#8221;default&#8221; width_tablet=&#8221;88%&#8221; width_phone=&#8221;86%&#8221; width_last_edited=&#8221;on|phone&#8221; custom_padding=&#8221;0px|||||&#8221; global_colors_info=&#8221;{}&#8221;][et_pb_column type=&#8221;4_4&#8243; _builder_version=&#8221;4.23.4&#8243; _module_preset=&#8221;default&#8221; global_colors_info=&#8221;{}&#8221;][et_pb_text _builder_version=&#8221;4.23.4&#8243; _module_preset=&#8221;default&#8221; text_font=&#8221;Poppins|300|||||||&#8221; text_font_size=&#8221;18px&#8221; text_line_height=&#8221;1.8em&#8221; header_font=&#8221;Raleway|300|||||||&#8221; header_text_color=&#8221;#570e20&#8243; header_line_height=&#8221;1.2em&#8221; header_2_font=&#8221;Poppins||||||||&#8221; header_3_font=&#8221;Poppins|700|||||||&#8221; header_3_font_size=&#8221;36px&#8221; header_4_font=&#8221;Poppins|700|||||||&#8221; header_4_text_color=&#8221;#570e20&#8243; header_4_font_size=&#8221;22px&#8221; header_4_line_height=&#8221;1.3em&#8221; hover_enabled=&#8221;0&#8243; text_font_size_tablet=&#8221;18px&#8221; text_font_size_phone=&#8221;15px&#8221; text_font_size_last_edited=&#8221;on|desktop&#8221; header_text_color_tablet=&#8221;#570e20&#8243; header_text_color_phone=&#8221;#570e20&#8243; header_text_color_last_edited=&#8221;on|desktop&#8221; header_font_size_tablet=&#8221;&#8221; header_font_size_phone=&#8221;&#8221; header_font_size_last_edited=&#8221;on|tablet&#8221; header_2_font_size_tablet=&#8221;&#8221; header_2_font_size_phone=&#8221;&#8221; header_2_font_size_last_edited=&#8221;on|phone&#8221; header_4_font_size_tablet=&#8221;22px&#8221; header_4_font_size_phone=&#8221;22px&#8221; header_4_font_size_last_edited=&#8221;on|desktop&#8221; global_colors_info=&#8221;{}&#8221; module_class=&#8221;translation-block&#8221; sticky_enabled=&#8221;0&#8243;]<\/p>\n<p>Meie kliinikus tehakse juurekanalite ravi mikroskoobi abil, mis\u00a0v\u00f5imaldab arstil paremini n\u00e4ha keerulist juurekanalite anatoomiat. Kliinikus on juurekanalite kuumt\u00e4itmise s\u00fcsteem, mis tagab k\u00f5ige kvaliteetsema tulemuse.<\/p>\n<p>&nbsp;<\/p>\n<h4>P\u00f5letikust \u00fcldiselt v\u00f5i miks on juureravi vajalik?<\/h4>\n<p>Juurekanalis\u00fcsteem on ruum hamba sees, kus kulgevad\u00a0n\u00e4rvid, veresooned ja l\u00fcmfisooned. Enamasti on see kitsas ja keerulise anatoomiaga. \u00a0Kui bakterid sattuvad juurekanalitesse\u00a0kaariese, lekkivate restauratsioonide, fraktuuride ja murdude kaudu k\u00e4ivituvad\u00a0p\u00f5letikulised reaktsioonid, mis tekitavad pulbikoe r\u00f5hu t\u00f5usu.\u00a0Me tunneme seda tugeva valuna. Juhul, kui p\u00f5letikuprotsess on aeglane ja verer\u00f5hu muutust ei esine, ei tunne me ka valu. Tugeva p\u00f5letiku korral n\u00e4rvid ja veresooned juurekanalite sees ei suuda ise paraneda. Ilma ravita bakterid sattuvad hamba juuretipu all olevasse luusse ja alustavad luukoe h\u00e4vitamist.<\/p>\n<p>&nbsp;<\/p>\n<h4>Milles seisneb juureravi?<\/h4>\n<p>Juureravi ehk endodontiline ravi on selleks, et h\u00e4vitada mikroobe hamba juurekanalite s\u00fcsteemis.\u00a0Peamine juurekanalite desinfektsioon toimub just visiidi ajal, mille jooksul toimub aktiivne kemomehaaniline puhastus. Vajadusel, asetatakse juurekanalitesse ravim ja suletakse hamba\u00f5\u00f5s ajutise t\u00e4idisega. Kui j\u00e4rgmisel visiidil\u00a0on hambaarst kindel, et juurekanalis\u00fcsteem on infektsioonivaba, siis t\u00e4idetakse kanalid termoplaastilise materjaliga \u00a0\u00e4rahoidmaks bakterite kanalis\u00fcsteemi tagasi tungimist. Juurekanalite t\u00e4itmise j\u00e4rel taastatakse hambakroon,\u00a0et hammas saaks j\u00e4lle t\u00e4ita oma funktsiooni. Taastamine teostatakse valgusk\u00f5vastuva t\u00e4idise v\u00f5i hambalaboris valmistatud krooniga.<\/p>\n<p>&nbsp;<\/p>\n<h4>Kui kaua v\u00f5ib kesta juureravi?<\/h4>\n<p>S\u00f5ltuvalt hamba juurep\u00f5letiku iseloomust v\u00f5ib juureravikuur kesta 1 kuni 3 visiiti. Mida raskem on ravi, seda rohkem visiite on vajalik.\u00a0\u00dche visiidi kestvus on ca 1,30h \u2013 1,45h.<\/p>\n<p>&nbsp;<\/p>\n<h4>Kas v\u00f5ib tunda valu?<\/h4>\n<p>Visiidi ajal enamasti\u00a0valu ei tunne.<br \/>Paar- kolm p\u00e4eva peale protseduuri v\u00f5ib esineda valulikkus.\u00a0Vajadusel v\u00f5ib v\u00f5tta valuvaigistit. K\u00f5ige sobivam on Ibuprofeen.<\/p>\n<p>&nbsp;<\/p>\n<h4>Kui k\u00f5rge on juureravi edukus?<\/h4>\n<p>T\u00f5endusp\u00f5hise kirjanduse\u00a0adnmetel on juureravi edukuse m\u00e4\u00e4r keskmiselt ca 90%. Luudestruktsioonide paranemise kontrollimiseks tehakse r\u00f6ntgen\u00fclesv\u00f5te poole aasta kuni aasta m\u00f6\u00f6dumisel juureravist.<br \/>Juhul, kui p\u00f5letik p\u00fcsib luus peale juureravi teostamist\u00a0v\u00f5i ei ole vana juureravi juurekanalis oleva tihvti t\u00f5ttu \u00fcldse v\u00f5imalik\u00a0v\u00f5ib vajalikuks minna kirurgiline operatsioon, mille k\u00e4igus eemaldatakse juuretipp ning t\u00f6\u00f6deldakse p\u00f5letikukolle.<\/p>\n<p>&nbsp;<\/p>\n<h4>Juureravi komplikatsioonid<\/h4>\n<p>Meie t\u00e4nap\u00e4evased juureraviv\u00f5imalused on drastiliselt muutunud, alustades suurendusest, isolatsioonist \u00a0ja l\u00f5petades tehnikaspetsiifiliste instrumentidega ja lahuste aktivatsiooni meetoditega. Kuid isegi siis on juureravi keeruline protseduur, mille\u00a0k\u00e4igus v\u00f5ivad tekkida ka t\u00fcsistused:<\/p>\n<p>1. murdunud instrumendid \u00a0juurekanali(te)s. P\u00f6\u00f6rlevad instrumendid kipuvad murduma kanalitevahelistel \u00fchendustel ja liitumiskohtadel tipu vahele j\u00e4\u00e4mise t\u00f5ttu. M\u00f5ningatel juhtudel on v\u00f5imalik instrument kanalist k\u00e4tte saada v\u00f5i m\u00f6\u00f6duda. Kui murdunud instrument blokeerib kanalit, j\u00e4etakse see kanalisse ja \u00a0kontrollitakse olukorda \u00a0aasta m\u00f6\u00f6dudes. Kui p\u00f5letik s\u00e4ilib, tuleb kaaluda kirurgilise protseduuri vajalikkust.<\/p>\n<p>2. juurekanaliruum pole avatav. Hambaarstist s\u00f5ltumatu on olukord, mil esineb juuretippu \u00fcmbritevas luus p\u00f5letik, kuid juurekanal on luustunud.\u00a0Tihti p\u00f5letik taandub, kui kanalit desinfitseeritakse ja t\u00e4idetakse nii kaugele kui v\u00f5imalik. Kui infektsioon siiski ei parane,\u00a0siis on vajalik teostada spetsiaalne kirurgiline operatsioon.<\/p>\n<p>3. \u00a0juurekanalit pole v\u00f5imalik tipuni l\u00e4bida eelneva juureravi k\u00e4igus tekkinud juurekanali suuna muudatuste t\u00f5ttu<\/p>\n<p>&nbsp;<\/p>\n<h4>Kas juureravi on alati v\u00f5imalik?<\/h4>\n<p>Enamikul juhtudel on ravi teostatav, kuid j\u00e4rgmistel olukorradel j\u00e4\u00e4b hamba prognoos halvaks:<br \/>\u2013 \u00a0juure vertikaalne m\u00f5ra<br \/>\u2013 \u00a0hamba krooniosa ulatuslik h\u00e4vinemine (hammas ei ole taastatav)<br \/>\u2013 \u00a0ebapiisav luuline kinnitus<br \/>\u2013 \u00a0juurte ulatuslik h\u00e4vinemine<br \/>\u2013 \u00a0juureravi tehniliselt v\u00f5imatu \u2013 juurekanalid pole l\u00e4bitavad, kuid juuretippe \u00fcmbritsevas luus esineb p\u00f5letik<\/p>\n<p>[\/et_pb_text][\/et_pb_column][\/et_pb_row][\/et_pb_section][et_pb_section fb_built=&#8221;1&#8243; admin_label=&#8221;Service Style 16 Main Section&#8221; _builder_version=&#8221;4.21.0&#8243; _module_preset=&#8221;default&#8221; custom_padding=&#8221;0px||||false|false&#8221; global_colors_info=&#8221;{}&#8221;][\/et_pb_section]<\/p>","protected":false},"excerpt":{"rendered":"<p>Meie teenused Juureravi mikroskoobigaMeie kliinikus tehakse juurekanalite ravi mikroskoobi abil, mis\u00a0v\u00f5imaldab arstil paremini n\u00e4ha keerulist juurekanalite anatoomiat. Kliinikus on juurekanalite kuumt\u00e4itmise s\u00fcsteem, mis tagab k\u00f5ige kvaliteetsema tulemuse. &nbsp; P\u00f5letikust \u00fcldiselt v\u00f5i miks on juureravi vajalik? Juurekanalis\u00fcsteem on ruum hamba sees, kus kulgevad\u00a0n\u00e4rvid, veresooned ja l\u00fcmfisooned. Enamasti on see kitsas ja keerulise anatoomiaga. \u00a0Kui bakterid sattuvad [&hellip;]<\/p>","protected":false},"author":1,"featured_media":0,"parent":350377,"menu_order":0,"comment_status":"closed","ping_status":"closed","template":"","meta":{"_et_pb_use_builder":"on","_et_pb_old_content":"","_et_gb_content_width":"","footnotes":""},"_links":{"self":[{"href":"https:\/\/rotermannikliinik.ee\/en\/wp-json\/wp\/v2\/pages\/350941"}],"collection":[{"href":"https:\/\/rotermannikliinik.ee\/en\/wp-json\/wp\/v2\/pages"}],"about":[{"href":"https:\/\/rotermannikliinik.ee\/en\/wp-json\/wp\/v2\/types\/page"}],"author":[{"embeddable":true,"href":"https:\/\/rotermannikliinik.ee\/en\/wp-json\/wp\/v2\/users\/1"}],"replies":[{"embeddable":true,"href":"https:\/\/rotermannikliinik.ee\/en\/wp-json\/wp\/v2\/comments?post=350941"}],"version-history":[{"count":5,"href":"https:\/\/rotermannikliinik.ee\/en\/wp-json\/wp\/v2\/pages\/350941\/revisions"}],"predecessor-version":[{"id":352158,"href":"https:\/\/rotermannikliinik.ee\/en\/wp-json\/wp\/v2\/pages\/350941\/revisions\/352158"}],"up":[{"embeddable":true,"href":"https:\/\/rotermannikliinik.ee\/en\/wp-json\/wp\/v2\/pages\/350377"}],"wp:attachment":[{"href":"https:\/\/rotermannikliinik.ee\/en\/wp-json\/wp\/v2\/media?parent=350941"}],"curies":[{"name":"wp","href":"https:\/\/api.w.org\/{rel}","templated":true}]}}