{"id":351246,"date":"2024-02-01T16:17:58","date_gmt":"2024-02-01T16:17:58","guid":{"rendered":"https:\/\/rotermannikliinik.ee\/?page_id=351246"},"modified":"2024-03-16T19:38:00","modified_gmt":"2024-03-16T19:38:00","slug":"laserravi","status":"publish","type":"page","link":"https:\/\/rotermannikliinik.ee\/en\/services\/laser-treatments\/","title":{"rendered":"Laser treatments \/ laser removal"},"content":{"rendered":"<p>[et_pb_section fb_built=&#8221;1&#8243; custom_padding_last_edited=&#8221;on|phone&#8221; admin_label=&#8221;section&#8221; _builder_version=&#8221;4.23.4&#8243; background_image=&#8221;https:\/\/rotermannikliinik.ee\/wp-content\/uploads\/2024\/02\/IMG_7320-1024&#215;683.jpg&#8221; parallax=&#8221;on&#8221; height=&#8221;807px&#8221; height_tablet=&#8221;340px&#8221; height_phone=&#8221;525px&#8221; height_last_edited=&#8221;on|desktop&#8221; custom_padding=&#8221;20px||0px||false|false&#8221; custom_padding_tablet=&#8221;20px||0px||false|false&#8221; custom_padding_phone=&#8221;20px||0px||false|false&#8221; global_colors_info=&#8221;{}&#8221;][et_pb_row admin_label=&#8221;row&#8221; _builder_version=&#8221;4.23.4&#8243; background_size=&#8221;initial&#8221; background_position=&#8221;top_left&#8221; background_repeat=&#8221;repeat&#8221; global_colors_info=&#8221;{}&#8221;][et_pb_column type=&#8221;4_4&#8243; _builder_version=&#8221;4.23.4&#8243; custom_padding=&#8221;|||&#8221; global_colors_info=&#8221;{}&#8221; custom_padding__hover=&#8221;|||&#8221;][et_pb_text _builder_version=&#8221;4.23.4&#8243; _module_preset=&#8221;default&#8221; header_font=&#8221;Poppins|700|||||||&#8221; header_text_align=&#8221;left&#8221; header_text_color=&#8221;#FFFFFF&#8221; header_font_size=&#8221;64px&#8221; header_line_height=&#8221;1.1em&#8221; header_2_font=&#8221;Poppins|300|||||||&#8221; header_2_text_color=&#8221;#FFFFFF&#8221; header_2_font_size=&#8221;40px&#8221; header_2_line_height=&#8221;0.8em&#8221; custom_padding=&#8221;272px||||false|false&#8221; custom_padding_tablet=&#8221;90px||||false|false&#8221; custom_padding_phone=&#8221;155px||||false|false&#8221; custom_padding_last_edited=&#8221;on|phone&#8221; header_text_align_tablet=&#8221;left&#8221; header_text_align_phone=&#8221;left&#8221; header_text_align_last_edited=&#8221;on|phone&#8221; header_font_size_tablet=&#8221;45px&#8221; header_font_size_phone=&#8221;38px&#8221; header_font_size_last_edited=&#8221;on|phone&#8221; header_2_font_tablet=&#8221;Poppins|300|||||||&#8221; header_2_font_phone=&#8221;Poppins|300|||||||&#8221; header_2_font_last_edited=&#8221;on|phone&#8221; header_2_font_size_tablet=&#8221;31px&#8221; header_2_font_size_phone=&#8221;28px&#8221; header_2_font_size_last_edited=&#8221;on|desktop&#8221; header_2_letter_spacing_tablet=&#8221;-1px&#8221; header_2_letter_spacing_phone=&#8221;-1px&#8221; header_2_letter_spacing_last_edited=&#8221;on|desktop&#8221; header_text_shadow_style=&#8221;preset3&#8243; header_text_shadow_blur_strength=&#8221;0.5em&#8221; header_2_text_shadow_style=&#8221;preset3&#8243; header_2_text_shadow_blur_strength=&#8221;0.7em&#8221; header_2_text_shadow_color=&#8221;rgba(0,0,0,0.73)&#8221; global_colors_info=&#8221;{}&#8221;]<\/p>\n<h2>Services<\/h2>\n<h1>Laser treatments \/ laser removal<\/h1>\n<p>[\/et_pb_text][\/et_pb_column][\/et_pb_row][\/et_pb_section][et_pb_section fb_built=&#8221;1&#8243; _builder_version=&#8221;4.23.4&#8243; _module_preset=&#8221;default&#8221; custom_margin_tablet=&#8221;&#8221; custom_margin_phone=&#8221;||||false|false&#8221; custom_margin_last_edited=&#8221;on|phone&#8221; custom_padding=&#8221;||||false|false&#8221; global_colors_info=&#8221;{}&#8221;][et_pb_row _builder_version=&#8221;4.23.4&#8243; _module_preset=&#8221;default&#8221; width_tablet=&#8221;88%&#8221; width_phone=&#8221;86%&#8221; width_last_edited=&#8221;on|phone&#8221; custom_padding=&#8221;0px|||||&#8221; collapsed=&#8221;off&#8221; global_colors_info=&#8221;{}&#8221;][et_pb_column type=&#8221;4_4&#8243; _builder_version=&#8221;4.23.4&#8243; _module_preset=&#8221;default&#8221; global_colors_info=&#8221;{}&#8221;][et_pb_text _builder_version=&#8221;4.23.4&#8243; _module_preset=&#8221;default&#8221; text_font=&#8221;Poppins|300|||||||&#8221; text_font_size=&#8221;18px&#8221; text_line_height=&#8221;1.8em&#8221; header_font=&#8221;Raleway|300|||||||&#8221; header_text_color=&#8221;#570e20&#8243; header_line_height=&#8221;1.2em&#8221; header_2_font=&#8221;Poppins||||||||&#8221; header_3_font=&#8221;Poppins|700|||||||&#8221; header_3_font_size=&#8221;36px&#8221; header_4_font=&#8221;Poppins|700|||||||&#8221; header_4_text_color=&#8221;#570e20&#8243; header_4_font_size=&#8221;22px&#8221; header_4_line_height=&#8221;1.3em&#8221; hover_enabled=&#8221;0&#8243; text_font_size_tablet=&#8221;18px&#8221; text_font_size_phone=&#8221;15px&#8221; text_font_size_last_edited=&#8221;on|desktop&#8221; header_text_color_tablet=&#8221;#570e20&#8243; header_text_color_phone=&#8221;#570e20&#8243; header_text_color_last_edited=&#8221;on|desktop&#8221; header_font_size_tablet=&#8221;&#8221; header_font_size_phone=&#8221;&#8221; header_font_size_last_edited=&#8221;on|tablet&#8221; header_2_font_size_tablet=&#8221;&#8221; header_2_font_size_phone=&#8221;&#8221; header_2_font_size_last_edited=&#8221;on|phone&#8221; header_4_font_size_tablet=&#8221;22px&#8221; header_4_font_size_phone=&#8221;22px&#8221; header_4_font_size_last_edited=&#8221;on|desktop&#8221; global_colors_info=&#8221;{}&#8221; module_class=&#8221;translation-block&#8221; sticky_enabled=&#8221;0&#8243;]<\/p>\n<h4><\/h4>\n<h4>Laserravi on revolutsioon hambaravis!<\/h4>\n<p>\u200bLaserid on \u00fched t\u00e4psemad, \u00f5rnemad ja minimaalselt kahjustavad t\u00f6\u00f6vahendid meditsiinis ja hambaravis. Lasereid v\u00f5ib kasutada raviks ja kirurgilisteks protseduurideks nii suu sees kui suu \u00fcmbruses tagades v\u00e4iksema ebamugavustunde, kiirema paranemise ja enamasti ei vaja haavad \u00f5mblusi.<\/p>\n<p>&nbsp;<\/p>\n<h5>\u200bKas laser on ohutu?<\/h5>\n<p>Koolitatud spetsialisti k\u00e4tes on laser \u00e4\u00e4rmiselt ohutu. Ohutum kui puur v\u00f5i skalpell. Laseri t\u00e4psus v\u00f5imaldab opereerida k\u00f5rvalasetsevaid kudesid kahjustamata ja samal ajal intensiivne valguskiir aitab kiiremale paranemisele kaasa.<\/p>\n<p>[\/et_pb_text][et_pb_image src=&#8221;https:\/\/rotermannikliinik.ee\/wp-content\/uploads\/2024\/02\/laser-fotona.jpg&#8221; title_text=&#8221;laser-fotona&#8221; _builder_version=&#8221;4.23.4&#8243; _module_preset=&#8221;default&#8221; global_colors_info=&#8221;{}&#8221;][\/et_pb_image][et_pb_text _builder_version=&#8221;4.23.4&#8243; _module_preset=&#8221;default&#8221; text_font=&#8221;Poppins|300|||||||&#8221; text_font_size=&#8221;18px&#8221; text_line_height=&#8221;1.8em&#8221; header_font=&#8221;Raleway|300|||||||&#8221; header_text_color=&#8221;#570e20&#8243; header_line_height=&#8221;1.2em&#8221; header_2_font=&#8221;Poppins||||||||&#8221; header_3_font=&#8221;Poppins|700|||||||&#8221; header_3_font_size=&#8221;36px&#8221; header_4_font=&#8221;Poppins|700|||||||&#8221; header_4_text_color=&#8221;#570e20&#8243; header_4_font_size=&#8221;22px&#8221; header_4_line_height=&#8221;1.3em&#8221; hover_enabled=&#8221;0&#8243; text_font_size_tablet=&#8221;18px&#8221; text_font_size_phone=&#8221;15px&#8221; text_font_size_last_edited=&#8221;on|desktop&#8221; header_text_color_tablet=&#8221;#570e20&#8243; header_text_color_phone=&#8221;#570e20&#8243; header_text_color_last_edited=&#8221;on|desktop&#8221; header_font_size_tablet=&#8221;&#8221; header_font_size_phone=&#8221;&#8221; header_font_size_last_edited=&#8221;on|tablet&#8221; header_2_font_size_tablet=&#8221;&#8221; header_2_font_size_phone=&#8221;&#8221; header_2_font_size_last_edited=&#8221;on|phone&#8221; header_4_font_size_tablet=&#8221;22px&#8221; header_4_font_size_phone=&#8221;22px&#8221; header_4_font_size_last_edited=&#8221;on|desktop&#8221; global_colors_info=&#8221;{}&#8221; module_class=&#8221;translation-block&#8221; sticky_enabled=&#8221;0&#8243;]<\/p>\n<h5><\/h5>\n<h5>Lasereid on v\u00f5imalik kasutada hambaravis t\u00f5husate abivahenditena:<\/h5>\n<ul>\n<li>juureravis vana juuret\u00e4idise eemaldamisel ja juurekanalite t\u00f5husaks loputamiseks\/steriliseerimiseks<\/li>\n<li>igemeravis ja periimplantiidi ravis<\/li>\n<li>hammaste valgendamiseks<\/li>\n<li>keraamiliste hambakroonide eemaldamiseks<\/li>\n<li>breketite eemaldamiseks<\/li>\n<li>implantoloogias, suukirurgias<\/li>\n<li>moodustiste eemaldamiseks, suulimaskesta haiguste (herpes, aftid, lihhen jne) raviks<\/li>\n<\/ul>\n<p>&nbsp;<\/p>\n<h5>\u200bL\u00fchidalt on laserid:<\/h5>\n<ul>\n<li>valutud<\/li>\n<li>turvalisem kui tavaline skalpellikirurgia<\/li>\n<li>kiirem paranemine, veritsuseta ja \u00f5mblusteta<\/li>\n<li>t\u00f5husam bakterite h\u00e4vitamises, operatsioonipiirkondade steriliseerimises ja haavad paranevad kiiremini<\/li>\n<\/ul>\n<p>\u200b<\/p>\n<p>Rotermanni hambakliinikus on kasutusel innovatsiooni ja tehnoloogia auhindu v\u00f5itnud hambaravi laserseadmete lipulaev <strong>Fotona Lightwalker AT,<\/strong> milles on kasutusel 2 lainepikkust <strong>Er:Yag<\/strong> ja <strong>Nd:Yag<\/strong> ja see v\u00f5imaldab t\u00f6\u00f6tada t\u00f5husalt nii pehmetes kui k\u00f5vades kudedes.<\/p>\n<p>[\/et_pb_text][\/et_pb_column][\/et_pb_row][\/et_pb_section][et_pb_section fb_built=&#8221;1&#8243; admin_label=&#8221;Service Style 16 Main Section&#8221; _builder_version=&#8221;4.21.0&#8243; _module_preset=&#8221;default&#8221; custom_padding=&#8221;0px||||false|false&#8221; global_colors_info=&#8221;{}&#8221;][\/et_pb_section]<\/p>","protected":false},"excerpt":{"rendered":"<p>Meie teenused Laserravi \/ laser-eemaldamine Laserravi on revolutsioon hambaravis! \u200bLaserid on \u00fched t\u00e4psemad, \u00f5rnemad ja minimaalselt kahjustavad t\u00f6\u00f6vahendid meditsiinis ja hambaravis. Lasereid v\u00f5ib kasutada raviks ja kirurgilisteks protseduurideks nii suu sees kui suu \u00fcmbruses tagades v\u00e4iksema ebamugavustunde, kiirema paranemise ja enamasti ei vaja haavad \u00f5mblusi. &nbsp; \u200bKas laser on ohutu? Koolitatud spetsialisti k\u00e4tes on laser [&hellip;]<\/p>","protected":false},"author":1,"featured_media":0,"parent":350377,"menu_order":0,"comment_status":"closed","ping_status":"closed","template":"","meta":{"_et_pb_use_builder":"on","_et_pb_old_content":"","_et_gb_content_width":"","footnotes":""},"_links":{"self":[{"href":"https:\/\/rotermannikliinik.ee\/en\/wp-json\/wp\/v2\/pages\/351246"}],"collection":[{"href":"https:\/\/rotermannikliinik.ee\/en\/wp-json\/wp\/v2\/pages"}],"about":[{"href":"https:\/\/rotermannikliinik.ee\/en\/wp-json\/wp\/v2\/types\/page"}],"author":[{"embeddable":true,"href":"https:\/\/rotermannikliinik.ee\/en\/wp-json\/wp\/v2\/users\/1"}],"replies":[{"embeddable":true,"href":"https:\/\/rotermannikliinik.ee\/en\/wp-json\/wp\/v2\/comments?post=351246"}],"version-history":[{"count":5,"href":"https:\/\/rotermannikliinik.ee\/en\/wp-json\/wp\/v2\/pages\/351246\/revisions"}],"predecessor-version":[{"id":352162,"href":"https:\/\/rotermannikliinik.ee\/en\/wp-json\/wp\/v2\/pages\/351246\/revisions\/352162"}],"up":[{"embeddable":true,"href":"https:\/\/rotermannikliinik.ee\/en\/wp-json\/wp\/v2\/pages\/350377"}],"wp:attachment":[{"href":"https:\/\/rotermannikliinik.ee\/en\/wp-json\/wp\/v2\/media?parent=351246"}],"curies":[{"name":"wp","href":"https:\/\/api.w.org\/{rel}","templated":true}]}}