{"id":351898,"date":"2024-03-05T16:23:12","date_gmt":"2024-03-05T16:23:12","guid":{"rendered":"https:\/\/rotermannikliinik.ee\/?page_id=351898"},"modified":"2024-03-15T06:23:38","modified_gmt":"2024-03-15T06:23:38","slug":"ravijuhud","status":"publish","type":"page","link":"https:\/\/rotermannikliinik.ee\/en\/medical-cases\/","title":{"rendered":"Medical cases"},"content":{"rendered":"<p>[et_pb_section fb_built=&#8221;1&#8243; admin_label=&#8221;Team Style 10 Main Section&#8221; _builder_version=&#8221;4.23.4&#8243; _module_preset=&#8221;default&#8221; background_enable_color=&#8221;off&#8221; custom_margin=&#8221;||||false|false&#8221; custom_padding=&#8221;20px||0px||false|false&#8221; box_shadow_style=&#8221;preset6&#8243; box_shadow_vertical=&#8221;9px&#8221; box_shadow_blur=&#8221;40px&#8221; box_shadow_spread=&#8221;20px&#8221; box_shadow_color=&#8221;#eff6fa&#8221; global_colors_info=&#8221;{}&#8221;][et_pb_row admin_label=&#8221;Team Style 10 Main Section Row 1&#8243; _builder_version=&#8221;4.23.4&#8243; _module_preset=&#8221;default&#8221; max_width=&#8221;1200px&#8221; custom_padding=&#8221;||0px||false|false&#8221; locked=&#8221;off&#8221; global_colors_info=&#8221;{}&#8221;][et_pb_column type=&#8221;4_4&#8243; _builder_version=&#8221;4.23.4&#8243; _module_preset=&#8221;default&#8221; global_colors_info=&#8221;{}&#8221;][et_pb_text _builder_version=&#8221;4.23.4&#8243; _module_preset=&#8221;default&#8221; header_font=&#8221;Poppins|300|||||||&#8221; header_text_align=&#8221;center&#8221; header_text_color=&#8221;#570e20&#8243; header_font_size=&#8221;64px&#8221; header_letter_spacing=&#8221;-1px&#8221; header_2_text_color=&#8221;RGBA(255,255,255,0)&#8221; custom_padding=&#8221;||25px||false|false&#8221; custom_padding_tablet=&#8221;||0px||false|false&#8221; custom_padding_phone=&#8221;||0px||false|false&#8221; custom_padding_last_edited=&#8221;on|phone&#8221; header_text_align_tablet=&#8221;center&#8221; header_text_align_phone=&#8221;left&#8221; header_text_align_last_edited=&#8221;on|desktop&#8221; header_font_size_tablet=&#8221;45px&#8221; header_font_size_phone=&#8221;40px&#8221; header_font_size_last_edited=&#8221;on|desktop&#8221; global_colors_info=&#8221;{}&#8221;]<\/p>\n<h1>Medical cases<\/h1>\n<p>[\/et_pb_text][\/et_pb_column][\/et_pb_row][et_pb_row custom_padding_last_edited=&#8221;on|tablet&#8221; admin_label=&#8221;Team Style 10 Main Section Row 2&#8243; _builder_version=&#8221;4.23.4&#8243; _module_preset=&#8221;default&#8221; max_width=&#8221;1404px&#8221; max_width_tablet=&#8221;800px&#8221; max_width_phone=&#8221;400px&#8221; max_width_last_edited=&#8221;on|tablet&#8221; custom_padding=&#8221;||||false|false&#8221; custom_padding_tablet=&#8221;||0px||false|false&#8221; custom_padding_phone=&#8221;||0px||false|false&#8221; locked=&#8221;off&#8221; global_colors_info=&#8221;{}&#8221; background__hover_enabled=&#8221;on|desktop&#8221;][et_pb_column type=&#8221;4_4&#8243; _builder_version=&#8221;4.21.0&#8243; _module_preset=&#8221;default&#8221; global_colors_info=&#8221;{}&#8221;][et_pb_text content_tablet=&#8221;<\/p>\n<p style=\"%22text-align:\" center;%22>Here you can find some examples of cases treated by our doctors.<br \/><strong>Our promise \u2013 we will give you a brand new smile!<\/strong><\/p>\n<p style=\"%22text-align:\" center;%22>&#8221; content_phone=&#8221;<\/p>\n<p>Here you can find some examples of cases treated by our doctors.<br \/><strong>Our promise \u2013 we will give you a brand new smile!<\/strong><\/p>\n<p style=\"%22text-align:\" center;%22>&#8221; content_last_edited=&#8221;on|phone&#8221; _builder_version=&#8221;4.23.4&#8243; _module_preset=&#8221;default&#8221; text_font=&#8221;Poppins|300|||||||&#8221; text_font_size=&#8221;18px&#8221; text_line_height=&#8221;1.8em&#8221; header_font=&#8221;Raleway|300|||||||&#8221; header_text_color=&#8221;#570e20&#8243; header_line_height=&#8221;1.2em&#8221; header_2_font=&#8221;Poppins||||||||&#8221; header_3_font=&#8221;Poppins|700|||||||&#8221; header_3_font_size=&#8221;36px&#8221; header_4_font=&#8221;Poppins|700|||||||&#8221; header_4_text_color=&#8221;#570e20&#8243; header_4_font_size=&#8221;22px&#8221; header_4_line_height=&#8221;1.3em&#8221; text_font_size_tablet=&#8221;18px&#8221; text_font_size_phone=&#8221;15px&#8221; text_font_size_last_edited=&#8221;on|desktop&#8221; header_text_color_tablet=&#8221;#570e20&#8243; header_text_color_phone=&#8221;#570e20&#8243; header_text_color_last_edited=&#8221;on|desktop&#8221; header_font_size_tablet=&#8221;&#8221; header_font_size_phone=&#8221;&#8221; header_font_size_last_edited=&#8221;on|tablet&#8221; header_2_font_size_tablet=&#8221;&#8221; header_2_font_size_phone=&#8221;&#8221; header_2_font_size_last_edited=&#8221;on|phone&#8221; header_4_font_size_tablet=&#8221;22px&#8221; header_4_font_size_phone=&#8221;22px&#8221; header_4_font_size_last_edited=&#8221;on|desktop&#8221; global_colors_info=&#8221;{}&#8221;]<\/p>\n<p style=\"text-align: center;\">Here you can find some examples of cases treated by our doctors. <strong>Our promise \u2013 we will give you a brand new smile!<\/strong><\/p>\n<p style=\"text-align: center;\">\n<p>[\/et_pb_text][\/et_pb_column][\/et_pb_row][et_pb_row column_structure=&#8221;1_2,1_2&#8243; custom_padding_last_edited=&#8221;on|tablet&#8221; admin_label=&#8221;Team Style 10 Main Section Row 2&#8243; _builder_version=&#8221;4.23.4&#8243; _module_preset=&#8221;default&#8221; max_width=&#8221;1404px&#8221; max_width_tablet=&#8221;650px&#8221; max_width_phone=&#8221;400px&#8221; max_width_last_edited=&#8221;on|tablet&#8221; custom_padding=&#8221;||||false|false&#8221; custom_padding_tablet=&#8221;||0px||false|false&#8221; custom_padding_phone=&#8221;||0px||false|false&#8221; locked=&#8221;off&#8221; global_colors_info=&#8221;{}&#8221; background__hover_enabled=&#8221;on|desktop&#8221;][et_pb_column type=&#8221;1_2&#8243; _builder_version=&#8221;4.21.0&#8243; _module_preset=&#8221;default&#8221; global_colors_info=&#8221;{}&#8221;][dsm_before_after_image before_src=&#8221;https:\/\/rotermannikliinik.ee\/wp-content\/uploads\/2024\/03\/before1.jpg&#8221; after_src=&#8221;https:\/\/rotermannikliinik.ee\/wp-content\/uploads\/2024\/03\/after1.jpg&#8221; before_label_text=&#8221;Enne&#8221; after_label_text=&#8221;P\u00e4rast&#8221; _builder_version=&#8221;4.23.4&#8243; _module_preset=&#8221;default&#8221; before_label_font=&#8221;Poppins||||||||&#8221; after_label_font=&#8221;Poppins||||||||&#8221; custom_padding=&#8221;||40px||false|false&#8221; global_colors_info=&#8221;{}&#8221;][\/dsm_before_after_image][dsm_before_after_image before_src=&#8221;https:\/\/rotermannikliinik.ee\/wp-content\/uploads\/2024\/03\/before2.jpg&#8221; after_src=&#8221;https:\/\/rotermannikliinik.ee\/wp-content\/uploads\/2024\/03\/after2.jpg&#8221; before_label_text=&#8221;Enne&#8221; after_label_text=&#8221;P\u00e4rast&#8221; _builder_version=&#8221;4.23.4&#8243; _module_preset=&#8221;default&#8221; before_label_font=&#8221;Poppins||||||||&#8221; after_label_font=&#8221;Poppins||||||||&#8221; custom_padding=&#8221;||40px||false|false&#8221; custom_padding_tablet=&#8221;||40px||false|false&#8221; custom_padding_phone=&#8221;||40px||false|false&#8221; custom_padding_last_edited=&#8221;on|phone&#8221; global_colors_info=&#8221;{}&#8221;][\/dsm_before_after_image][\/et_pb_column][et_pb_column type=&#8221;1_2&#8243; _builder_version=&#8221;4.21.0&#8243; _module_preset=&#8221;default&#8221; global_colors_info=&#8221;{}&#8221;][dsm_before_after_image before_src=&#8221;https:\/\/rotermannikliinik.ee\/wp-content\/uploads\/2024\/03\/before3.jpg&#8221; after_src=&#8221;https:\/\/rotermannikliinik.ee\/wp-content\/uploads\/2024\/03\/after3.jpg&#8221; before_label_text=&#8221;Enne&#8221; after_label_text=&#8221;P\u00e4rast&#8221; _builder_version=&#8221;4.23.4&#8243; _module_preset=&#8221;default&#8221; before_label_font=&#8221;Poppins||||||||&#8221; after_label_font=&#8221;Poppins||||||||&#8221; custom_padding=&#8221;||||false|false&#8221; global_colors_info=&#8221;{}&#8221;][\/dsm_before_after_image][\/et_pb_column][\/et_pb_row][et_pb_row column_structure=&#8221;1_2,1_2&#8243; _builder_version=&#8221;4.23.4&#8243; _module_preset=&#8221;default&#8221; width_tablet=&#8221;88%&#8221; width_phone=&#8221;86%&#8221; width_last_edited=&#8221;on|phone&#8221; custom_padding=&#8221;0px|||||&#8221; collapsed=&#8221;off&#8221; global_colors_info=&#8221;{}&#8221;][et_pb_column type=&#8221;1_2&#8243; _builder_version=&#8221;4.23.4&#8243; _module_preset=&#8221;default&#8221; global_colors_info=&#8221;{}&#8221;][\/et_pb_column][et_pb_column type=&#8221;1_2&#8243; _builder_version=&#8221;4.23.4&#8243; _module_preset=&#8221;default&#8221; global_colors_info=&#8221;{}&#8221;][\/et_pb_column][\/et_pb_row][\/et_pb_section]<\/p>","protected":false},"excerpt":{"rendered":"<p>RavijuhudSiit leiad m\u00f5ned n\u00e4ited meie arstide ravijuhtudest. Rotermanni Kliinik garanteerib Sulle uue ja s\u00e4rava naeratuse! <div class=\"et_pb_module dsm_before_after_image dsm_before_after_image_0\">\n\t\t\t\t\n\t\t\t\t\n\t\t\t\t\n\t\t\t\t\n\t\t\t\t\n\t\t\t\t\n\t\t\t\t<div class=\"et_pb_module_inner\">\n\t\t\t\t\t<div class=\"dsm_before_after_image_wrapper\" data-params=\"[{\"offset\":\"0.5\",\"orientation\":\"horizontal\",\"overlay\":false,\"hover\":false,\"handle\":true,\"click\":false}]\">\n\t\t\t\t\n\t\t\t\t\n\t\t\t\t<img decoding=\"async\" src=\"https:\/\/rotermannikliinik.ee\/wp-content\/uploads\/2024\/03\/before1.jpg\" alt=\"\" title=\"\" srcset=\"https:\/\/rotermannikliinik.ee\/wp-content\/uploads\/2024\/03\/before1.jpg 1110w, https:\/\/rotermannikliinik.ee\/wp-content\/uploads\/2024\/03\/before1-980x592.jpg 980w, https:\/\/rotermannikliinik.ee\/wp-content\/uploads\/2024\/03\/before1-480x290.jpg 480w\" sizes=\"(min-width: 0px) and (max-width: 480px) 480px, (min-width: 481px) and (max-width: 980px) 980px, (min-width: 981px) 1110px, 100vw\" class=\"skip-lazy\" \/><img decoding=\"async\" src=\"https:\/\/rotermannikliinik.ee\/wp-content\/uploads\/2024\/03\/after1.jpg\" alt=\"\" title=\"\" srcset=\"https:\/\/rotermannikliinik.ee\/wp-content\/uploads\/2024\/03\/after1.jpg 1110w, https:\/\/rotermannikliinik.ee\/wp-content\/uploads\/2024\/03\/after1-980x592.jpg 980w, https:\/\/rotermannikliinik.ee\/wp-content\/uploads\/2024\/03\/after1-480x290.jpg 480w\" sizes=\"(min-width: 0px) and (max-width: 480px) 480px, (min-width: 481px) and (max-width: 980px) 980px, (min-width: 981px) 1110px, 100vw\" class=\"skip-lazy\" \/>\n\t\t\t<\/div>\n\t\t\t\t<\/div>\n\t\t\t<\/div><div class=\"et_pb_module dsm_before_after_image dsm_before_after_image_1\">\n\t\t\t\t\n\t\t\t\t\n\t\t\t\t\n\t\t\t\t\n\t\t\t\t\n\t\t\t\t\n\t\t\t\t<div class=\"et_pb_module_inner\">\n\t\t\t\t\t<div class=\"dsm_before_after_image_wrapper\" data-params=\"[{\"offset\":\"0.5\",\"orientation\":\"horizontal\",\"overlay\":false,\"hover\":false,\"handle\":true,\"click\":false}]\">\n\t\t\t\t\n\t\t\t\t\n\t\t\t\t<img decoding=\"async\" src=\"https:\/\/rotermannikliinik.ee\/wp-content\/uploads\/2024\/03\/before2.jpg\" alt=\"\" title=\"\" srcset=\"https:\/\/rotermannikliinik.ee\/wp-content\/uploads\/2024\/03\/before2.jpg 1110w, https:\/\/rotermannikliinik.ee\/wp-content\/uploads\/2024\/03\/before2-980x592.jpg 980w, https:\/\/rotermannikliinik.ee\/wp-content\/uploads\/2024\/03\/before2-480x290.jpg 480w\" sizes=\"(min-width: 0px) and (max-width: 480px) 480px, (min-width: 481px) and (max-width: 980px) 980px, (min-width: 981px) 1110px, 100vw\" class=\"skip-lazy\" \/><img decoding=\"async\" src=\"https:\/\/rotermannikliinik.ee\/wp-content\/uploads\/2024\/03\/after2.jpg\" alt=\"\" title=\"\" srcset=\"https:\/\/rotermannikliinik.ee\/wp-content\/uploads\/2024\/03\/after2.jpg 1110w, https:\/\/rotermannikliinik.ee\/wp-content\/uploads\/2024\/03\/after2-980x592.jpg 980w, https:\/\/rotermannikliinik.ee\/wp-content\/uploads\/2024\/03\/after2-480x290.jpg 480w\" sizes=\"(min-width: 0px) and (max-width: 480px) 480px, (min-width: 481px) and (max-width: 980px) 980px, (min-width: 981px) 1110px, 100vw\" class=\"skip-lazy\" \/>\n\t\t\t<\/div>\n\t\t\t\t<\/div>\n\t\t\t<\/div><div class=\"et_pb_module dsm_before_after_image dsm_before_after_image_2\">\n\t\t\t\t\n\t\t\t\t\n\t\t\t\t\n\t\t\t\t\n\t\t\t\t\n\t\t\t\t\n\t\t\t\t<div class=\"et_pb_module_inner\">\n\t\t\t\t\t<div class=\"dsm_before_after_image_wrapper\" data-params=\"[{\"offset\":\"0.5\",\"orientation\":\"horizontal\",\"overlay\":false,\"hover\":false,\"handle\":true,\"click\":false}]\">\n\t\t\t\t\n\t\t\t\t\n\t\t\t\t<img decoding=\"async\" src=\"https:\/\/rotermannikliinik.ee\/wp-content\/uploads\/2024\/03\/before3.jpg\" alt=\"\" title=\"\" srcset=\"https:\/\/rotermannikliinik.ee\/wp-content\/uploads\/2024\/03\/before3.jpg 1110w, https:\/\/rotermannikliinik.ee\/wp-content\/uploads\/2024\/03\/before3-980x592.jpg 980w, https:\/\/rotermannikliinik.ee\/wp-content\/uploads\/2024\/03\/before3-480x290.jpg 480w\" sizes=\"(min-width: 0px) and (max-width: 480px) 480px, (min-width: 481px) and (max-width: 980px) 980px, (min-width: 981px) 1110px, 100vw\" class=\"skip-lazy\" \/><img decoding=\"async\" src=\"https:\/\/rotermannikliinik.ee\/wp-content\/uploads\/2024\/03\/after3.jpg\" alt=\"\" title=\"\" srcset=\"https:\/\/rotermannikliinik.ee\/wp-content\/uploads\/2024\/03\/after3.jpg 1110w, https:\/\/rotermannikliinik.ee\/wp-content\/uploads\/2024\/03\/after3-980x592.jpg 980w, https:\/\/rotermannikliinik.ee\/wp-content\/uploads\/2024\/03\/after3-480x290.jpg 480w\" sizes=\"(min-width: 0px) and (max-width: 480px) 480px, (min-width: 481px) and (max-width: 980px) 980px, (min-width: 981px) 1110px, 100vw\" class=\"skip-lazy\" \/>\n\t\t\t<\/div>\n\t\t\t\t<\/div>\n\t\t\t<\/div><\/p>","protected":false},"author":1,"featured_media":0,"parent":0,"menu_order":0,"comment_status":"closed","ping_status":"closed","template":"","meta":{"_et_pb_use_builder":"on","_et_pb_old_content":"","_et_gb_content_width":"","footnotes":""},"_links":{"self":[{"href":"https:\/\/rotermannikliinik.ee\/en\/wp-json\/wp\/v2\/pages\/351898"}],"collection":[{"href":"https:\/\/rotermannikliinik.ee\/en\/wp-json\/wp\/v2\/pages"}],"about":[{"href":"https:\/\/rotermannikliinik.ee\/en\/wp-json\/wp\/v2\/types\/page"}],"author":[{"embeddable":true,"href":"https:\/\/rotermannikliinik.ee\/en\/wp-json\/wp\/v2\/users\/1"}],"replies":[{"embeddable":true,"href":"https:\/\/rotermannikliinik.ee\/en\/wp-json\/wp\/v2\/comments?post=351898"}],"version-history":[{"count":5,"href":"https:\/\/rotermannikliinik.ee\/en\/wp-json\/wp\/v2\/pages\/351898\/revisions"}],"predecessor-version":[{"id":352102,"href":"https:\/\/rotermannikliinik.ee\/en\/wp-json\/wp\/v2\/pages\/351898\/revisions\/352102"}],"wp:attachment":[{"href":"https:\/\/rotermannikliinik.ee\/en\/wp-json\/wp\/v2\/media?parent=351898"}],"curies":[{"name":"wp","href":"https:\/\/api.w.org\/{rel}","templated":true}]}}