{"id":352107,"date":"2024-03-15T06:56:52","date_gmt":"2024-03-15T06:56:52","guid":{"rendered":"https:\/\/rotermannikliinik.ee\/?page_id=352107"},"modified":"2024-03-15T07:34:47","modified_gmt":"2024-03-15T07:34:47","slug":"patients","status":"publish","type":"page","link":"https:\/\/rotermannikliinik.ee\/en\/patsiendile\/","title":{"rendered":"Patients"},"content":{"rendered":"<p>[et_pb_section fb_built=&#8221;1&#8243; custom_padding_last_edited=&#8221;on|phone&#8221; admin_label=&#8221;section&#8221; _builder_version=&#8221;4.23.4&#8243; background_image=&#8221;https:\/\/rotermannikliinik.ee\/wp-content\/uploads\/2024\/03\/IMG_7385s.jpg&#8221; parallax=&#8221;on&#8221; height=&#8221;807px&#8221; height_tablet=&#8221;340px&#8221; height_phone=&#8221;525px&#8221; height_last_edited=&#8221;on|desktop&#8221; custom_padding=&#8221;20px||0px||false|false&#8221; custom_padding_tablet=&#8221;20px||0px||false|false&#8221; custom_padding_phone=&#8221;20px||0px||false|false&#8221; hover_enabled=&#8221;0&#8243; global_colors_info=&#8221;{}&#8221; title_text=&#8221;IMG_7385s&#8221; sticky_enabled=&#8221;0&#8243;][et_pb_row admin_label=&#8221;row&#8221; _builder_version=&#8221;4.23.4&#8243; background_size=&#8221;initial&#8221; background_position=&#8221;top_left&#8221; background_repeat=&#8221;repeat&#8221; global_colors_info=&#8221;{}&#8221;][et_pb_column type=&#8221;4_4&#8243; _builder_version=&#8221;4.23.4&#8243; custom_padding=&#8221;|||&#8221; global_colors_info=&#8221;{}&#8221; custom_padding__hover=&#8221;|||&#8221;][et_pb_text _builder_version=&#8221;4.23.4&#8243; _module_preset=&#8221;default&#8221; header_font=&#8221;Poppins|700|||||||&#8221; header_text_align=&#8221;left&#8221; header_text_color=&#8221;#FFFFFF&#8221; header_font_size=&#8221;64px&#8221; header_line_height=&#8221;1.1em&#8221; header_2_font=&#8221;Poppins|300|||||||&#8221; header_2_text_color=&#8221;#FFFFFF&#8221; header_2_font_size=&#8221;40px&#8221; header_2_line_height=&#8221;0.8em&#8221; custom_padding=&#8221;272px||||false|false&#8221; custom_padding_tablet=&#8221;90px||||false|false&#8221; custom_padding_phone=&#8221;155px||||false|false&#8221; custom_padding_last_edited=&#8221;on|phone&#8221; header_text_align_tablet=&#8221;left&#8221; header_text_align_phone=&#8221;left&#8221; header_text_align_last_edited=&#8221;on|phone&#8221; header_font_size_tablet=&#8221;45px&#8221; header_font_size_phone=&#8221;40px&#8221; header_font_size_last_edited=&#8221;on|phone&#8221; header_2_font_tablet=&#8221;Poppins|300|||||||&#8221; header_2_font_phone=&#8221;Poppins|300|||||||&#8221; header_2_font_last_edited=&#8221;on|phone&#8221; header_2_font_size_tablet=&#8221;31px&#8221; header_2_font_size_phone=&#8221;28px&#8221; header_2_font_size_last_edited=&#8221;on|desktop&#8221; header_2_letter_spacing_tablet=&#8221;-1px&#8221; header_2_letter_spacing_phone=&#8221;-1px&#8221; header_2_letter_spacing_last_edited=&#8221;on|desktop&#8221; header_text_shadow_style=&#8221;preset3&#8243; header_text_shadow_blur_strength=&#8221;0.5em&#8221; header_2_text_shadow_style=&#8221;preset3&#8243; header_2_text_shadow_blur_strength=&#8221;0.7em&#8221; header_2_text_shadow_color=&#8221;rgba(0,0,0,0.73)&#8221; global_colors_info=&#8221;{}&#8221;]<\/p>\n<h2>Patsiendile<\/h2>\n<h1>N\u00f5uanded<\/h1>\n<p>[\/et_pb_text][\/et_pb_column][\/et_pb_row][\/et_pb_section][et_pb_section fb_built=&#8221;1&#8243; _builder_version=&#8221;4.23.4&#8243; _module_preset=&#8221;default&#8221; custom_margin_tablet=&#8221;&#8221; custom_margin_phone=&#8221;||||false|false&#8221; custom_margin_last_edited=&#8221;on|phone&#8221; custom_padding=&#8221;||||false|false&#8221; global_colors_info=&#8221;{}&#8221;][et_pb_row _builder_version=&#8221;4.23.4&#8243; _module_preset=&#8221;default&#8221; width_tablet=&#8221;88%&#8221; width_phone=&#8221;86%&#8221; width_last_edited=&#8221;on|phone&#8221; custom_padding=&#8221;0px|||||&#8221; global_colors_info=&#8221;{}&#8221;][et_pb_column type=&#8221;4_4&#8243; _builder_version=&#8221;4.23.4&#8243; _module_preset=&#8221;default&#8221; global_colors_info=&#8221;{}&#8221;][et_pb_text _builder_version=&#8221;4.23.4&#8243; _module_preset=&#8221;default&#8221; text_font=&#8221;Poppins|300|||||||&#8221; text_font_size=&#8221;18px&#8221; text_line_height=&#8221;1.8em&#8221; header_font=&#8221;Raleway|300|||||||&#8221; header_text_color=&#8221;#570e20&#8243; header_line_height=&#8221;1.2em&#8221; header_2_font=&#8221;Montserrat||||||||&#8221; header_3_font=&#8221;Montserrat|700|||||||&#8221; header_3_font_size=&#8221;36px&#8221; header_4_font=&#8221;Montserrat|700|||||||&#8221; header_4_text_color=&#8221;#570e20&#8243; header_4_font_size=&#8221;22px&#8221; header_4_line_height=&#8221;1.3em&#8221; text_font_size_tablet=&#8221;&#8221; text_font_size_phone=&#8221;15px&#8221; text_font_size_last_edited=&#8221;on|phone&#8221; header_text_color_tablet=&#8221;#570e20&#8243; header_text_color_phone=&#8221;#570e20&#8243; header_text_color_last_edited=&#8221;on|desktop&#8221; header_font_size_tablet=&#8221;&#8221; header_font_size_phone=&#8221;&#8221; header_font_size_last_edited=&#8221;on|tablet&#8221; header_2_font_size_tablet=&#8221;&#8221; header_2_font_size_phone=&#8221;&#8221; header_2_font_size_last_edited=&#8221;on|phone&#8221; header_4_font_size_tablet=&#8221;22px&#8221; header_4_font_size_phone=&#8221;22px&#8221; header_4_font_size_last_edited=&#8221;on|desktop&#8221; global_colors_info=&#8221;{}&#8221;]<\/p>\n<p>P\u00fc\u00fca meie soovitustest kinni pidada ning neid t\u00e4pselt t\u00e4ita. Nii on v\u00f5imalik saavutada parim ravitulemus.<\/p>\n<div>\n<div>\n<p>&nbsp;<\/p>\n<\/div>\n<\/div>\n<p>[\/et_pb_text][et_pb_toggle title=&#8221;P\u00e4rast l\u00f5ikust v\u00f5i hamba eemaldamist&#8221; open_toggle_text_color=&#8221;#333333&#8243; open_toggle_background_color=&#8221;RGBA(255,255,255,0)&#8221; closed_toggle_background_color=&#8221;RGBA(255,255,255,0)&#8221; icon_color=&#8221;#570e20&#8243; toggle_icon=&#8221;&#x4c;||divi||400&#8243; use_icon_font_size=&#8221;on&#8221; icon_font_size=&#8221;20px&#8221; open_icon_color=&#8221;#333333&#8243; open_toggle_icon=&#8221;&#x4b;||divi||400&#8243; open_use_icon_font_size=&#8221;on&#8221; open_icon_font_size=&#8221;20px&#8221; _builder_version=&#8221;4.23.4&#8243; _module_preset=&#8221;default&#8221; title_text_color=&#8221;#570e20&#8243; title_font=&#8221;Poppins|700|||||||&#8221; title_font_size=&#8221;28px&#8221; body_font_size=&#8221;18px&#8221; body_line_height=&#8221;1.8em&#8221; custom_padding=&#8221;0px|0px|0px|0px|false|false&#8221; hover_enabled=&#8221;0&#8243; body_font_size_tablet=&#8221;18px&#8221; body_font_size_phone=&#8221;15px&#8221; body_font_size_last_edited=&#8221;on|desktop&#8221; border_width_all=&#8221;0px&#8221; global_colors_info=&#8221;{}&#8221; sticky_enabled=&#8221;0&#8243;]<\/p>\n<ul>\n<li class=\"p1\">Kui tuimestus m\u00f6\u00f6dub, v\u00f5ib esineda haava valulikkust ning ebamugavustunnet. Selline <strong>valulikkus<\/strong> <strong>v\u00f5ib p\u00fcsida veel mitmeid p\u00e4evi<\/strong> p\u00e4rast l\u00f5ikust. Valu leevendamiseks kasutage apteegis ilma retseptita v\u00e4ljastatavaid <strong>valuvaigisteid<\/strong>. T\u00f5husad on <strong>ibuprofeeni<\/strong> sisaldavad valuvaigistid v\u00f5i mitmekomponendilised valuvaigistid.<\/li>\n<li class=\"p1\">Turse tekke v\u00e4ltimiseks <strong>jahuta haava piirkonda<\/strong>. Selleks aseta j\u00e4\u00e4kott (suuv\u00e4liselt) l\u00f5ikushaava piirkonda.<\/li>\n<li class=\"p1\">Mitte mingil juhul \u00e4ra aseta haavale kompresse (kummeli-, viinakompress jne.)<\/li>\n<li class=\"p1\">Esimesed tunnid peale protseduuri v\u00f5id kogeda kerget n\u00f5rkustunnet. Paari p\u00e4eva jooksul <strong>ei ole soovitatav<\/strong> tegeleda <strong>f\u00fc\u00fcsilist pingutust<\/strong> n\u00f5udvate ettev\u00f5tmistega.<\/li>\n<li class=\"p1\">Kui haavale on asetatud spetsiaalne haavakate, <strong>ei tohi s\u00fc\u00fca umbes kahe tunni <\/strong>v\u00e4ltel. Ka hiljem on soovitatav<strong> s\u00fc\u00fca pehmemaid toiduaineid<\/strong> kuni haavakatte eemaldamiseni. Hammaste harjamisel p\u00fc\u00fca haavakatet mitte vigastada ning <strong>\u00e4ra kasuta <\/strong>l\u00f5ikuse j\u00e4rgselt <strong>elektrilist hambaharja<\/strong>.<\/li>\n<li class=\"p1\">J\u00e4rgi t\u00e4pselt arsti ettekirjutusi ning tarvita skeemi kohaselt ravi toetavaid medikamente.<\/li>\n<li class=\"p1\">Loputa haava kahe n\u00e4dala jooksul kloorheksidiini lahusega kaks korda p\u00e4evas umbes minuti jooksul. Loputamist teosta pool tundi p\u00e4rast hammaste pesu. Haava v\u00f5ib loputada maksimaalselt kahe n\u00e4dala jooksul, kui arst ei ole ette n\u00e4inud teisiti. Lahus v\u00f5ib hammastele tekitada pigmenti, kuid see ei ole p\u00fcsiv ning seda on ravi j\u00e4rgselt lihtne eemaldada. Suu p\u00f5letustunde v\u00f5i igemete tundlikkuse korral lahjenda lahust veega v\u00f5i konsulteeri hambaarstiga.<\/li>\n<\/ul>\n<p>[\/et_pb_toggle][et_pb_toggle title=&#8221;Juureravi j\u00e4rgselt&#8221; open_toggle_text_color=&#8221;#333333&#8243; open_toggle_background_color=&#8221;RGBA(255,255,255,0)&#8221; closed_toggle_background_color=&#8221;RGBA(255,255,255,0)&#8221; icon_color=&#8221;#570e20&#8243; toggle_icon=&#8221;&#x4c;||divi||400&#8243; use_icon_font_size=&#8221;on&#8221; icon_font_size=&#8221;20px&#8221; open_icon_color=&#8221;#333333&#8243; open_toggle_icon=&#8221;&#x4b;||divi||400&#8243; open_use_icon_font_size=&#8221;on&#8221; open_icon_font_size=&#8221;20px&#8221; _builder_version=&#8221;4.23.4&#8243; _module_preset=&#8221;default&#8221; title_text_color=&#8221;#570e20&#8243; title_font=&#8221;Poppins|700|||||||&#8221; title_font_size=&#8221;28px&#8221; body_font_size=&#8221;18px&#8221; body_line_height=&#8221;1.8em&#8221; custom_padding=&#8221;0px|0px|0px|0px|false|false&#8221; hover_enabled=&#8221;0&#8243; body_font_size_tablet=&#8221;18px&#8221; body_font_size_phone=&#8221;15px&#8221; body_font_size_last_edited=&#8221;on|desktop&#8221; border_width_all=&#8221;0px&#8221; global_colors_info=&#8221;{}&#8221; sticky_enabled=&#8221;0&#8243;]<\/p>\n<ul>\n<li class=\"p1\">\n<p class=\"p1\">v\u00f5ib ravitav hammas olla pisut <strong>tundlik<\/strong>. See on tingitud juurekanalisse paigaldatud medikamendist<\/p>\n<\/li>\n<li class=\"p1\">\n<p class=\"p1\"><strong>ei tohi s\u00fc\u00fca<\/strong> umbes kahe tunni jooksul, sest hambale on asetatud ajutine t\u00e4idis<\/p>\n<\/li>\n<li class=\"p1\">\n<p class=\"p1\"><strong>j\u00e4rgi <\/strong>t\u00e4pselt arsti poolt koostatud<strong> raviplaani<\/strong><\/p>\n<\/li>\n<li class=\"p1\">\n<p class=\"p1\">arvesta, et kui hammas on devitaliseeritud (st. n\u00f6.\u201dsuretatud\u201d) ja paigaldatud juuret\u00e4idis(ed), <strong>tuleb seda<\/strong> hoolimata valu v\u00f5i tundlikkuse puudumisest umbes <strong>aasta p\u00e4rast kontrollida ning teostada kontrollr\u00f6ntgen<\/strong>. Ka edaspidi on soovitav paari aastase vahega kontroll\u00fclesv\u00f5tted teha, et olla kindel ravi edukuses.<\/p>\n<\/li>\n<\/ul>\n<p>[\/et_pb_toggle][et_pb_toggle title=&#8221;P\u00e4rast t\u00e4idise paigaldamist&#8221; open_toggle_text_color=&#8221;#333333&#8243; open_toggle_background_color=&#8221;RGBA(255,255,255,0)&#8221; closed_toggle_background_color=&#8221;RGBA(255,255,255,0)&#8221; icon_color=&#8221;#570e20&#8243; toggle_icon=&#8221;&#x4c;||divi||400&#8243; use_icon_font_size=&#8221;on&#8221; icon_font_size=&#8221;20px&#8221; open_icon_color=&#8221;#333333&#8243; open_toggle_icon=&#8221;&#x4b;||divi||400&#8243; open_use_icon_font_size=&#8221;on&#8221; open_icon_font_size=&#8221;20px&#8221; _builder_version=&#8221;4.23.4&#8243; _module_preset=&#8221;default&#8221; title_text_color=&#8221;#570e20&#8243; title_font=&#8221;Poppins|700|||||||&#8221; title_font_size=&#8221;28px&#8221; body_font_size=&#8221;18px&#8221; body_line_height=&#8221;1.8em&#8221; custom_padding=&#8221;0px|0px|0px|0px|false|false&#8221; hover_enabled=&#8221;0&#8243; body_font_size_tablet=&#8221;18px&#8221; body_font_size_phone=&#8221;15px&#8221; body_font_size_last_edited=&#8221;on|desktop&#8221; border_width_all=&#8221;0px&#8221; global_colors_info=&#8221;{}&#8221; sticky_enabled=&#8221;0&#8243;]<\/p>\n<ul>\n<li class=\"p1\">\n<p class=\"p1\">v\u00f5ib hammas olla pisut <strong>hell ning tundlik <\/strong>peale hammustamist. Selline hellus <strong>v\u00f5ib p\u00fcsida<\/strong>paarist p\u00e4evast<strong> paari n\u00e4dalani<\/strong>. Enamasti kaob tundlikkus siiski m\u00f5ne p\u00e4eva jooksul ning muretsemiseks ei ole p\u00f5hjust. Kui aga hamba hellus p\u00fcsib v\u00f5i tekivad <strong>spontaansed valuhood<\/strong>, tuleks kiirelt uuesti <strong>hambaarsti poole p\u00f6\u00f6rduda<\/strong>, sest hammas v\u00f5ib olla p\u00f5letikuline v\u00f5i on hambat\u00e4idise kontakt j\u00e4\u00e4nud \u201ck\u00f5rgemaks\u201d.<\/p>\n<\/li>\n<li class=\"p1\">\n<p class=\"p1\"><strong>kui<\/strong> <strong>hambat\u00e4idis on kare v\u00f5i takerdub hambaniit<\/strong> hambavahe puhastades, <strong>juhi sellele arsti t\u00e4helepanu<\/strong> ning palu t\u00e4idist viimistleda. Sellised viimistlemata piirkonnad koguvad kergesti hambakattu ning v\u00f5ivad tulevikus p\u00f5hjustada sekundaarkaariest ehk lihtsamalt \u00f6eldes tekib hambat\u00e4idise k\u00f5rvale uus hambaauk.<\/p>\n<\/li>\n<\/ul>\n<p>[\/et_pb_toggle][et_pb_toggle title=&#8221;P\u00e4rast igemeravi&#8221; open_toggle_text_color=&#8221;#333333&#8243; open_toggle_background_color=&#8221;RGBA(255,255,255,0)&#8221; closed_toggle_background_color=&#8221;RGBA(255,255,255,0)&#8221; icon_color=&#8221;#570e20&#8243; toggle_icon=&#8221;&#x4c;||divi||400&#8243; use_icon_font_size=&#8221;on&#8221; icon_font_size=&#8221;20px&#8221; open_icon_color=&#8221;#333333&#8243; open_toggle_icon=&#8221;&#x4b;||divi||400&#8243; open_use_icon_font_size=&#8221;on&#8221; open_icon_font_size=&#8221;20px&#8221; _builder_version=&#8221;4.23.4&#8243; _module_preset=&#8221;default&#8221; title_text_color=&#8221;#570e20&#8243; title_font=&#8221;Poppins|700|||||||&#8221; title_font_size=&#8221;28px&#8221; body_font_size=&#8221;18px&#8221; body_line_height=&#8221;1.8em&#8221; custom_padding=&#8221;0px|0px|0px|0px|false|false&#8221; hover_enabled=&#8221;0&#8243; body_font_size_tablet=&#8221;18px&#8221; body_font_size_phone=&#8221;15px&#8221; body_font_size_last_edited=&#8221;on|desktop&#8221; border_width_all=&#8221;0px&#8221; global_colors_info=&#8221;{}&#8221; sticky_enabled=&#8221;0&#8243;]<\/p>\n<ul>\n<li class=\"p1\">\n<p class=\"p1\">v\u00f5ivad hambakaelad ja igemed olla tundlikud. <strong>V\u00e4ldi ekstreemselt jahedat v\u00f5i kuuma s\u00f6\u00f6ki\/jooki<\/strong>.<\/p>\n<\/li>\n<li class=\"p1\">\n<p class=\"p1\">hoolimata tundlikkusest <strong>p\u00fc\u00fca t\u00e4ita arsti poolt koostatud isikliku h\u00fcgieeni programmi:<\/strong> <strong>puhasta ettevaatlikult hambavahesid hambavaheharja v\u00f5i hambaniidiga<\/strong>, seda muidugi juhul, kui arst ei ole soovitanud teisiti.<\/p>\n<\/li>\n<li class=\"p1\">\n<p class=\"p1\"><strong>loputa<\/strong> haava kahe n\u00e4dala jooksul <strong>kloorheksidiini<\/strong> lahusega <strong>kaks korda p\u00e4evas<\/strong> umbes minuti jooksul. Loputamist teosta pool tundi p\u00e4rast hammaste pesu. Haava v\u00f5ib loputada <strong>maksimaalselt kahe n\u00e4dala jooksul<\/strong>, kui arst ei ole ette n\u00e4inud teisiti. Lahus v\u00f5ib hammastele tekitada pigmenti, kuid see ei ole p\u00fcsiv ning seda on ravi j\u00e4rgselt lihtne eemaldada. Suu <strong>p\u00f5letustunde v\u00f5i igemete tundlikkuse korral lahjenda lahust<\/strong> veega v\u00f5i konsulteeri hambaarstiga.<\/p>\n<\/li>\n<\/ul>\n<p>[\/et_pb_toggle][et_pb_toggle title=&#8221;P\u00e4rast suust eemaldatava proteesi paigaldamist&#8221; open_toggle_text_color=&#8221;#333333&#8243; open_toggle_background_color=&#8221;RGBA(255,255,255,0)&#8221; closed_toggle_background_color=&#8221;RGBA(255,255,255,0)&#8221; icon_color=&#8221;#570e20&#8243; toggle_icon=&#8221;&#x4c;||divi||400&#8243; use_icon_font_size=&#8221;on&#8221; icon_font_size=&#8221;20px&#8221; open_icon_color=&#8221;#333333&#8243; open_toggle_icon=&#8221;&#x4b;||divi||400&#8243; open_use_icon_font_size=&#8221;on&#8221; open_icon_font_size=&#8221;20px&#8221; _builder_version=&#8221;4.23.4&#8243; _module_preset=&#8221;default&#8221; title_text_color=&#8221;#570e20&#8243; title_font=&#8221;Poppins|700|||||||&#8221; title_font_size=&#8221;28px&#8221; body_font_size=&#8221;18px&#8221; body_line_height=&#8221;1.8em&#8221; custom_padding=&#8221;0px|0px|0px|0px|false|false&#8221; hover_enabled=&#8221;0&#8243; body_font_size_tablet=&#8221;18px&#8221; body_font_size_phone=&#8221;15px&#8221; body_font_size_last_edited=&#8221;on|desktop&#8221; border_width_all=&#8221;0px&#8221; global_colors_info=&#8221;{}&#8221; sticky_enabled=&#8221;0&#8243;]<\/p>\n<ul>\n<li class=\"p1\">\n<p class=\"p1\">v\u00f5ib proteesi kandmine olla esialgu ebamugav. Ole kannatlik ning p\u00fc\u00fca proteesi hoolimata ebamugavustundest kanda, sellega on v\u00f5imalik harjuda! Esimesed kaks n\u00e4dalat proteesi valmimise j\u00e4rgselt on k\u00f5ige raskemad ning suu peab uue olukorraga harjuma. Selle aja jooksul eemalda protees vaid selle puhastamseks ning kanna proteesi ka \u00f6\u00f6siti. Hiljem tuleb see \u00f6\u00f6seks siiski kindlasti eemaldada.<\/p>\n<\/li>\n<li class=\"p1\">\n<p class=\"p1\">Kui protees ei ole suus, tuleb see paigaldada niiskesse veeklaasi v\u00f5i niiske salvr\u00e4tiku sisse pakituna spetsiaalsesse karpi. Vastasel korral proteesimaterjal kuivab ning muutub hapraks. Samuti v\u00f5ib protees kootuda ning tunduda ebat\u00e4psena.<\/p>\n<\/li>\n<li class=\"p1\">\n<p class=\"p1\">Proteesi tuleb kaks korda p\u00e4evas hoolikalt puhastada. Proteese tuleb pesta voolava vee all ja kasutada proteeside puhastamiseks m\u00f5eldud vahendeid (vees lahustuvad tabletid), mis aitavad proteese desinfitseerida. Samuti v\u00f5ib vajadusel kasutada spetsiaalset pehmet harja. Hambapastaga ei ole soovitav proteese puhastada, sest pasta on liialt abrasiivne ja v\u00f5ib proteesi pinda kahjustada. Eriti hoolikalt tuleb puhastada tugihoideklambrite piirkonda. Proteesihooldustooteid saab osta apteegist.<\/p>\n<\/li>\n<\/ul>\n<p>[\/et_pb_toggle][\/et_pb_column][\/et_pb_row][\/et_pb_section][et_pb_section fb_built=&#8221;1&#8243; admin_label=&#8221;Service Style 16 Main Section&#8221; _builder_version=&#8221;4.21.0&#8243; _module_preset=&#8221;default&#8221; custom_padding=&#8221;0px||||false|false&#8221; global_colors_info=&#8221;{}&#8221;][\/et_pb_section]<\/p>\n","protected":false},"excerpt":{"rendered":"<p>Patsiendile N\u00f5uandedP\u00fc\u00fca meie soovitustest kinni pidada ning neid t\u00e4pselt t\u00e4ita. Nii on v\u00f5imalik saavutada parim ravitulemus. &nbsp; Kui tuimestus m\u00f6\u00f6dub, v\u00f5ib esineda haava valulikkust ning ebamugavustunnet. Selline valulikkus v\u00f5ib p\u00fcsida veel mitmeid p\u00e4evi p\u00e4rast l\u00f5ikust. Valu leevendamiseks kasutage apteegis ilma retseptita v\u00e4ljastatavaid valuvaigisteid. T\u00f5husad on ibuprofeeni sisaldavad valuvaigistid v\u00f5i mitmekomponendilised valuvaigistid. Turse tekke v\u00e4ltimiseks jahuta [&hellip;]<\/p>\n","protected":false},"author":1,"featured_media":0,"parent":0,"menu_order":0,"comment_status":"closed","ping_status":"closed","template":"","meta":{"_et_pb_use_builder":"on","_et_pb_old_content":"","_et_gb_content_width":"","footnotes":""},"_links":{"self":[{"href":"https:\/\/rotermannikliinik.ee\/en\/wp-json\/wp\/v2\/pages\/352107"}],"collection":[{"href":"https:\/\/rotermannikliinik.ee\/en\/wp-json\/wp\/v2\/pages"}],"about":[{"href":"https:\/\/rotermannikliinik.ee\/en\/wp-json\/wp\/v2\/types\/page"}],"author":[{"embeddable":true,"href":"https:\/\/rotermannikliinik.ee\/en\/wp-json\/wp\/v2\/users\/1"}],"replies":[{"embeddable":true,"href":"https:\/\/rotermannikliinik.ee\/en\/wp-json\/wp\/v2\/comments?post=352107"}],"version-history":[{"count":5,"href":"https:\/\/rotermannikliinik.ee\/en\/wp-json\/wp\/v2\/pages\/352107\/revisions"}],"predecessor-version":[{"id":352119,"href":"https:\/\/rotermannikliinik.ee\/en\/wp-json\/wp\/v2\/pages\/352107\/revisions\/352119"}],"wp:attachment":[{"href":"https:\/\/rotermannikliinik.ee\/en\/wp-json\/wp\/v2\/media?parent=352107"}],"curies":[{"name":"wp","href":"https:\/\/api.w.org\/{rel}","templated":true}]}}