{"id":17,"date":"2024-01-11T14:27:55","date_gmt":"2024-01-11T14:27:55","guid":{"rendered":"https:\/\/rotermannikliinik.ee\/?page_id=17"},"modified":"2025-10-18T07:35:39","modified_gmt":"2025-10-18T07:35:39","slug":"kollektiiv","status":"publish","type":"page","link":"https:\/\/rotermannikliinik.ee\/ru\/\u043d\u0430\u0448\u0430-\u043a\u043e\u043c\u0430\u043d\u0434\u0430\/","title":{"rendered":"\u041d\u0430\u0448\u0430 \u041a\u043e\u043c\u0430\u043d\u0434\u0430"},"content":{"rendered":"<p>[et_pb_section fb_built=&#8221;1&#8243; admin_label=&#8221;Team Style 10 Main Section&#8221; _builder_version=&#8221;4.23.4&#8243; _module_preset=&#8221;default&#8221; background_enable_color=&#8221;off&#8221; custom_margin=&#8221;||||false|false&#8221; custom_padding=&#8221;20px||||false|false&#8221; box_shadow_style=&#8221;preset6&#8243; box_shadow_vertical=&#8221;9px&#8221; box_shadow_blur=&#8221;40px&#8221; box_shadow_spread=&#8221;20px&#8221; box_shadow_color=&#8221;#eff6fa&#8221; global_colors_info=&#8221;{}&#8221;][et_pb_row admin_label=&#8221;Team Style 10 Main Section Row 1&#8243; _builder_version=&#8221;4.23.4&#8243; _module_preset=&#8221;default&#8221; max_width=&#8221;1200px&#8221; custom_padding=&#8221;||0px||false|false&#8221; locked=&#8221;off&#8221; global_colors_info=&#8221;{}&#8221;][et_pb_column type=&#8221;4_4&#8243; _builder_version=&#8221;4.23.4&#8243; _module_preset=&#8221;default&#8221; global_colors_info=&#8221;{}&#8221;][et_pb_text _builder_version=&#8221;4.23.4&#8243; _module_preset=&#8221;default&#8221; header_font=&#8221;Poppins|300|||||||&#8221; header_text_align=&#8221;center&#8221; header_text_color=&#8221;#570e20&#8243; header_font_size=&#8221;64px&#8221; header_letter_spacing=&#8221;-1px&#8221; header_2_text_color=&#8221;RGBA(255,255,255,0)&#8221; custom_padding=&#8221;||25px||false|false&#8221; custom_padding_tablet=&#8221;||0px||false|false&#8221; custom_padding_phone=&#8221;||0px||false|false&#8221; custom_padding_last_edited=&#8221;on|phone&#8221; header_text_align_tablet=&#8221;center&#8221; header_text_align_phone=&#8221;left&#8221; header_text_align_last_edited=&#8221;on|desktop&#8221; header_font_size_tablet=&#8221;45px&#8221; header_font_size_phone=&#8221;40px&#8221; header_font_size_last_edited=&#8221;on|desktop&#8221; global_colors_info=&#8221;{}&#8221;]<\/p>\n<h1>\u041d\u0430\u0448\u0430 \u041a\u043e\u043c\u0430\u043d\u0434\u0430<\/h1>\n<p>[\/et_pb_text][\/et_pb_column][\/et_pb_row][et_pb_row column_structure=&#8221;1_3,1_3,1_3&#8243; custom_padding_last_edited=&#8221;on|tablet&#8221; admin_label=&#8221;Team Style 10 Main Section Row 2&#8243; _builder_version=&#8221;4.23.4&#8243; _module_preset=&#8221;default&#8221; max_width=&#8221;1404px&#8221; max_width_tablet=&#8221;400px&#8221; max_width_phone=&#8221;400px&#8221; max_width_last_edited=&#8221;on|tablet&#8221; custom_padding=&#8221;||||false|false&#8221; custom_padding_tablet=&#8221;||0px||false|false&#8221; custom_padding_phone=&#8221;||0px||false|false&#8221; locked=&#8221;off&#8221; global_colors_info=&#8221;{}&#8221; background__hover_enabled=&#8221;on|desktop&#8221;][et_pb_column type=&#8221;1_3&#8243; _builder_version=&#8221;4.21.0&#8243; _module_preset=&#8221;default&#8221; global_colors_info=&#8221;{}&#8221;][et_pb_team_member name=&#8221;Dr. Ksenia Ovchinikova&#8221; position=&#8221;Juureravi eriarst&#8221; _builder_version=&#8221;4.23.4&#8243; _module_preset=&#8221;default&#8221; header_font=&#8221;Poppins|700|||||||&#8221; body_text_color=&#8221;RGBA(255,255,255,0)&#8221; body_line_height=&#8221;2.2em&#8221; animation_style=&#8221;fade&#8221; animation_duration=&#8221;700ms&#8221; custom_css_before=&#8221; &#8221; custom_css_main_element=&#8221; &#8221; custom_css_member_image=&#8221; &#8221; locked=&#8221;off&#8221; global_colors_info=&#8221;{}&#8221; custom_css_before__hover=&#8221; &#8221; use_background_color_gradient__hover=&#8221;on&#8221; background_color_gradient_stops__hover=&#8221;rgba(8,24,48,0) 65%|rgba(8,24,48,0.75) 100%&#8221; body_text_color__hover_enabled=&#8221;on|hover&#8221; body_text_color__hover=&#8221;#FFFFFF&#8221; content__hover_enabled=&#8221;on|desktop&#8221; position__hover_enabled=&#8221;on|hover&#8221; content__hover=&#8221;<\/p>\n<p>\u0421\u0442\u043e\u043c\u0430\u0442\u043e\u043b\u043e\u0433, \u043b\u0435\u0447\u0435\u043d\u0438\u0435 \u043f\u043e\u0434 \u043c\u0438\u043a\u0440\u043e\u0441\u043a\u043e\u043f\u043e\u043c<\/p>\n<p>&#8221; position__hover=&#8221;Juureravi eriarst&#8221;]<\/p>\n<p>\u0421\u0442\u043e\u043c\u0430\u0442\u043e\u043b\u043e\u0433, \u043b\u0435\u0447\u0435\u043d\u0438\u0435 \u043f\u043e\u0434 \u043c\u0438\u043a\u0440\u043e\u0441\u043a\u043e\u043f\u043e\u043c<\/p>\n<p>[\/et_pb_team_member][\/et_pb_column][et_pb_column type=&#8221;1_3&#8243; _builder_version=&#8221;4.21.0&#8243; _module_preset=&#8221;default&#8221; global_colors_info=&#8221;{}&#8221;][et_pb_team_member name=&#8221;Dr. Riinu Rahuoja&#8221; position=&#8221;N\u00e4o-, l\u00f5ualuukirurg&#8221; _builder_version=&#8221;4.23.4&#8243; _module_preset=&#8221;default&#8221; header_font=&#8221;Poppins|700|||||||&#8221; body_text_color=&#8221;RGBA(255,255,255,0)&#8221; body_line_height=&#8221;2.2em&#8221; background_image=&#8221;https:\/\/rotermannikliinik.ee\/wp-content\/uploads\/2024\/01\/Riinu_Rahuoja.jpg&#8221; animation_style=&#8221;fade&#8221; animation_duration=&#8221;700ms&#8221; custom_css_before=&#8221; &#8221; custom_css_main_element=&#8221; &#8221; custom_css_member_image=&#8221; &#8221; locked=&#8221;off&#8221; global_colors_info=&#8221;{}&#8221; custom_css_before__hover=&#8221; &#8221; use_background_color_gradient__hover=&#8221;on&#8221; background_color_gradient_stops__hover=&#8221;rgba(8,24,48,0) 65%|rgba(8,24,48,0.75) 100%&#8221; body_text_color__hover_enabled=&#8221;on|hover&#8221; body_text_color__hover=&#8221;#FFFFFF&#8221;]<\/p>\n<p>\u200e<\/p>\n<p>[\/et_pb_team_member][\/et_pb_column][et_pb_column type=&#8221;1_3&#8243; _builder_version=&#8221;4.21.0&#8243; _module_preset=&#8221;default&#8221; global_colors_info=&#8221;{}&#8221;][et_pb_team_member name=&#8221;Tarmo Marrandi&#8221; position=&#8221;Kirurgia, implantoloogia, proteesimine&#8221; _builder_version=&#8221;4.24.2&#8243; _module_preset=&#8221;default&#8221; header_font=&#8221;Poppins|700|||||||&#8221; body_text_color=&#8221;RGBA(255,255,255,0)&#8221; body_line_height=&#8221;2.2em&#8221; background_image=&#8221;https:\/\/rotermannikliinik.ee\/wp-content\/uploads\/2025\/10\/Tarmo_Marrandi-2.jpg&#8221; animation_style=&#8221;fade&#8221; animation_duration=&#8221;700ms&#8221; custom_css_before=&#8221; &#8221; custom_css_main_element=&#8221; &#8221; custom_css_member_image=&#8221; &#8221; locked=&#8221;off&#8221; global_colors_info=&#8221;{}&#8221; custom_css_before__hover=&#8221; &#8221; use_background_color_gradient__hover=&#8221;on&#8221; background_color_gradient_stops__hover=&#8221;rgba(8,24,48,0) 65%|rgba(8,24,48,0.75) 100%&#8221; body_text_color__hover_enabled=&#8221;on|hover&#8221; body_text_color__hover=&#8221;#FFFFFF&#8221;][\/et_pb_team_member][\/et_pb_column][\/et_pb_row][et_pb_row column_structure=&#8221;1_3,1_3,1_3&#8243; admin_label=&#8221;Team Style 10 Main Section Row 2&#8243; _builder_version=&#8221;4.23.4&#8243; _module_preset=&#8221;default&#8221; max_width=&#8221;1404px&#8221; max_width_tablet=&#8221;400px&#8221; max_width_phone=&#8221;400px&#8221; max_width_last_edited=&#8221;on|tablet&#8221; locked=&#8221;off&#8221; global_colors_info=&#8221;{}&#8221; background__hover_enabled=&#8221;on|desktop&#8221;][et_pb_column type=&#8221;1_3&#8243; _builder_version=&#8221;4.21.0&#8243; _module_preset=&#8221;default&#8221; global_colors_info=&#8221;{}&#8221;][et_pb_team_member name=&#8221;Ruth Tr\u00e4\u00e4der&#8221; position=&#8221;Vanem\u00f5de&#8221; _builder_version=&#8221;4.24.2&#8243; _module_preset=&#8221;default&#8221; header_font=&#8221;Poppins|700|||||||&#8221; body_text_color=&#8221;RGBA(255,255,255,0)&#8221; body_line_height=&#8221;2.2em&#8221; background_image=&#8221;https:\/\/rotermannikliinik.ee\/wp-content\/uploads\/2024\/03\/Ruth-Traader.jpg&#8221; animation_style=&#8221;fade&#8221; animation_duration=&#8221;700ms&#8221; custom_css_before=&#8221; &#8221; custom_css_main_element=&#8221; &#8221; custom_css_member_image=&#8221; &#8221; locked=&#8221;off&#8221; global_colors_info=&#8221;{}&#8221; custom_css_before__hover=&#8221; &#8221; use_background_color_gradient__hover=&#8221;on&#8221; background_color_gradient_stops__hover=&#8221;rgba(8,24,48,0) 65%|rgba(8,24,48,0.75) 100%&#8221; body_text_color__hover_enabled=&#8221;on|hover&#8221; body_text_color__hover=&#8221;#FFFFFF&#8221; name__hover_enabled=&#8221;on|hover&#8221; content__hover_enabled=&#8221;on|hover&#8221; name__hover=&#8221;Ruth Tr\u00e4\u00e4der&#8221; content__hover=&#8221;<\/p>\n<p>\u200e<\/p>\n<p>&#8220;]<\/p>\n<p>\u200e<\/p>\n<p>[\/et_pb_team_member][\/et_pb_column][et_pb_column type=&#8221;1_3&#8243; _builder_version=&#8221;4.21.0&#8243; _module_preset=&#8221;default&#8221; global_colors_info=&#8221;{}&#8221;][et_pb_team_member name=&#8221;Lilija&#8221; position=&#8221;Assistent&#8221; _builder_version=&#8221;4.24.2&#8243; _module_preset=&#8221;default&#8221; header_font=&#8221;Poppins|700|||||||&#8221; body_text_color=&#8221;RGBA(255,255,255,0)&#8221; body_line_height=&#8221;2.2em&#8221; background_image=&#8221;https:\/\/rotermannikliinik.ee\/wp-content\/uploads\/2024\/03\/Lilija-Komleva.jpg&#8221; animation_style=&#8221;fade&#8221; animation_duration=&#8221;700ms&#8221; custom_css_before=&#8221; &#8221; custom_css_main_element=&#8221; &#8221; custom_css_member_image=&#8221; &#8221; locked=&#8221;off&#8221; global_colors_info=&#8221;{}&#8221; custom_css_before__hover=&#8221; &#8221; use_background_color_gradient__hover=&#8221;on&#8221; background_color_gradient_stops__hover=&#8221;rgba(8,24,48,0) 65%|rgba(8,24,48,0.75) 100%&#8221; body_text_color__hover_enabled=&#8221;on|hover&#8221; body_text_color__hover=&#8221;#FFFFFF&#8221;]<\/p>\n<p>&nbsp;<\/p>\n<p>[\/et_pb_team_member][\/et_pb_column][et_pb_column type=&#8221;1_3&#8243; _builder_version=&#8221;4.21.0&#8243; _module_preset=&#8221;default&#8221; global_colors_info=&#8221;{}&#8221;][et_pb_team_member name=&#8221;Maria Kbejan&#8221; position=&#8221;Registraator&#8221; _builder_version=&#8221;4.24.2&#8243; _module_preset=&#8221;default&#8221; header_font=&#8221;Poppins|700|||||||&#8221; body_text_color=&#8221;RGBA(255,255,255,0)&#8221; body_line_height=&#8221;2.2em&#8221; background_color=&#8221;#e6e7e9&#8243; background_enable_image=&#8221;off&#8221; animation_style=&#8221;fade&#8221; animation_duration=&#8221;700ms&#8221; custom_css_before=&#8221; &#8221; custom_css_main_element=&#8221; &#8221; custom_css_member_image=&#8221; &#8221; locked=&#8221;off&#8221; global_colors_info=&#8221;{}&#8221; custom_css_before__hover=&#8221; &#8221; use_background_color_gradient__hover=&#8221;on&#8221; background_color_gradient_stops__hover=&#8221;rgba(8,24,48,0) 65%|rgba(8,24,48,0.75) 100%&#8221; body_text_color__hover_enabled=&#8221;on|hover&#8221; body_text_color__hover=&#8221;#FFFFFF&#8221;]<\/p>\n<p>\u200e<\/p>\n<p>[\/et_pb_team_member][\/et_pb_column][\/et_pb_row][\/et_pb_section]<\/p>","protected":false},"excerpt":{"rendered":"<p>Meie kollektiivJuureravi mikroskoobiga, hambaarst\u200e\u200e&nbsp;\u200e<\/p>","protected":false},"author":1,"featured_media":0,"parent":0,"menu_order":0,"comment_status":"closed","ping_status":"closed","template":"","meta":{"_et_pb_use_builder":"on","_et_pb_old_content":"","_et_gb_content_width":"","footnotes":""},"_links":{"self":[{"href":"https:\/\/rotermannikliinik.ee\/ru\/wp-json\/wp\/v2\/pages\/17"}],"collection":[{"href":"https:\/\/rotermannikliinik.ee\/ru\/wp-json\/wp\/v2\/pages"}],"about":[{"href":"https:\/\/rotermannikliinik.ee\/ru\/wp-json\/wp\/v2\/types\/page"}],"author":[{"embeddable":true,"href":"https:\/\/rotermannikliinik.ee\/ru\/wp-json\/wp\/v2\/users\/1"}],"replies":[{"embeddable":true,"href":"https:\/\/rotermannikliinik.ee\/ru\/wp-json\/wp\/v2\/comments?post=17"}],"version-history":[{"count":5,"href":"https:\/\/rotermannikliinik.ee\/ru\/wp-json\/wp\/v2\/pages\/17\/revisions"}],"predecessor-version":[{"id":352277,"href":"https:\/\/rotermannikliinik.ee\/ru\/wp-json\/wp\/v2\/pages\/17\/revisions\/352277"}],"wp:attachment":[{"href":"https:\/\/rotermannikliinik.ee\/ru\/wp-json\/wp\/v2\/media?parent=17"}],"curies":[{"name":"wp","href":"https:\/\/api.w.org\/{rel}","templated":true}]}}