{"id":350771,"date":"2024-01-22T16:36:51","date_gmt":"2024-01-22T16:36:51","guid":{"rendered":"https:\/\/rotermannikliinik.ee\/?page_id=350771"},"modified":"2024-03-16T19:07:12","modified_gmt":"2024-03-16T19:07:12","slug":"kaariese-ravi","status":"publish","type":"page","link":"https:\/\/rotermannikliinik.ee\/ru\/\u0443\u0441\u043b\u0443\u0433\u0438\/\u043b\u0435\u0447\u0435\u043d\u0438\u0435-\u043a\u0430\u0440\u0438\u0435\u0441\u0430\/","title":{"rendered":"\u041b\u0435\u0447\u0435\u043d\u0438\u0435 \u043a\u0430\u0440\u0438\u0435\u0441\u0430"},"content":{"rendered":"<p>[et_pb_section fb_built=&#8221;1&#8243; custom_padding_last_edited=&#8221;on|phone&#8221; admin_label=&#8221;section&#8221; _builder_version=&#8221;4.23.4&#8243; background_image=&#8221;https:\/\/rotermannikliinik.ee\/wp-content\/uploads\/2024\/01\/IMG_7355-1024&#215;620.jpg&#8221; parallax=&#8221;on&#8221; height=&#8221;807px&#8221; height_tablet=&#8221;340px&#8221; height_phone=&#8221;525px&#8221; height_last_edited=&#8221;on|desktop&#8221; custom_padding=&#8221;20px||0px||false|false&#8221; custom_padding_tablet=&#8221;20px||0px||false|false&#8221; custom_padding_phone=&#8221;20px||0px||false|false&#8221; global_colors_info=&#8221;{}&#8221;][et_pb_row admin_label=&#8221;row&#8221; _builder_version=&#8221;4.23.4&#8243; background_size=&#8221;initial&#8221; background_position=&#8221;top_left&#8221; background_repeat=&#8221;repeat&#8221; global_colors_info=&#8221;{}&#8221;][et_pb_column type=&#8221;4_4&#8243; _builder_version=&#8221;4.23.4&#8243; custom_padding=&#8221;|||&#8221; global_colors_info=&#8221;{}&#8221; custom_padding__hover=&#8221;|||&#8221;][et_pb_text _builder_version=&#8221;4.23.4&#8243; _module_preset=&#8221;default&#8221; header_font=&#8221;Poppins|700|||||||&#8221; header_text_align=&#8221;left&#8221; header_text_color=&#8221;#FFFFFF&#8221; header_font_size=&#8221;64px&#8221; header_line_height=&#8221;1.1em&#8221; header_2_font=&#8221;Poppins|300|||||||&#8221; header_2_text_color=&#8221;#FFFFFF&#8221; header_2_font_size=&#8221;40px&#8221; header_2_line_height=&#8221;0.8em&#8221; custom_padding=&#8221;272px||||false|false&#8221; custom_padding_tablet=&#8221;90px||||false|false&#8221; custom_padding_phone=&#8221;155px||||false|false&#8221; custom_padding_last_edited=&#8221;on|phone&#8221; header_text_align_tablet=&#8221;left&#8221; header_text_align_phone=&#8221;left&#8221; header_text_align_last_edited=&#8221;on|phone&#8221; header_font_size_tablet=&#8221;45px&#8221; header_font_size_phone=&#8221;38px&#8221; header_font_size_last_edited=&#8221;on|phone&#8221; header_2_font_tablet=&#8221;Poppins|300|||||||&#8221; header_2_font_phone=&#8221;Poppins|300|||||||&#8221; header_2_font_last_edited=&#8221;on|phone&#8221; header_2_font_size_tablet=&#8221;31px&#8221; header_2_font_size_phone=&#8221;28px&#8221; header_2_font_size_last_edited=&#8221;on|desktop&#8221; header_2_letter_spacing_tablet=&#8221;-1px&#8221; header_2_letter_spacing_phone=&#8221;-1px&#8221; header_2_letter_spacing_last_edited=&#8221;on|desktop&#8221; header_text_shadow_style=&#8221;preset3&#8243; header_text_shadow_blur_strength=&#8221;0.5em&#8221; header_2_text_shadow_style=&#8221;preset3&#8243; header_2_text_shadow_blur_strength=&#8221;0.7em&#8221; header_2_text_shadow_color=&#8221;rgba(0,0,0,0.73)&#8221; global_colors_info=&#8221;{}&#8221;]<\/p>\n<h2>\u0423\u0441\u043b\u0443\u0433\u0438<\/h2>\n<h1>\u041b\u0435\u0447\u0435\u043d\u0438\u0435 \u043a\u0430\u0440\u0438\u0435\u0441\u0430<\/h1>\n<p>[\/et_pb_text][\/et_pb_column][\/et_pb_row][\/et_pb_section][et_pb_section fb_built=&#8221;1&#8243; _builder_version=&#8221;4.23.4&#8243; _module_preset=&#8221;default&#8221; global_colors_info=&#8221;{}&#8221;][et_pb_row _builder_version=&#8221;4.23.4&#8243; _module_preset=&#8221;default&#8221; width_tablet=&#8221;88%&#8221; width_phone=&#8221;86%&#8221; width_last_edited=&#8221;on|phone&#8221; custom_padding=&#8221;0px|||||&#8221; global_colors_info=&#8221;{}&#8221;][et_pb_column type=&#8221;4_4&#8243; _builder_version=&#8221;4.23.4&#8243; _module_preset=&#8221;default&#8221; global_colors_info=&#8221;{}&#8221;][et_pb_text _builder_version=&#8221;4.23.4&#8243; _module_preset=&#8221;default&#8221; text_font=&#8221;Poppins|300|||||||&#8221; text_font_size=&#8221;18px&#8221; text_line_height=&#8221;1.8em&#8221; header_font=&#8221;Raleway|300|||||||&#8221; header_text_color=&#8221;#570e20&#8243; header_line_height=&#8221;1.2em&#8221; header_2_font=&#8221;Poppins||||||||&#8221; header_3_font=&#8221;Poppins|700|||||||&#8221; header_3_font_size=&#8221;36px&#8221; header_4_font=&#8221;Poppins|700|||||||&#8221; header_4_text_color=&#8221;#570e20&#8243; header_4_font_size=&#8221;22px&#8221; header_4_line_height=&#8221;1.3em&#8221; hover_enabled=&#8221;0&#8243; text_font_size_tablet=&#8221;18px&#8221; text_font_size_phone=&#8221;15px&#8221; text_font_size_last_edited=&#8221;on|desktop&#8221; header_text_color_tablet=&#8221;#570e20&#8243; header_text_color_phone=&#8221;#570e20&#8243; header_text_color_last_edited=&#8221;on|desktop&#8221; header_font_size_tablet=&#8221;&#8221; header_font_size_phone=&#8221;&#8221; header_font_size_last_edited=&#8221;on|tablet&#8221; header_2_font_size_tablet=&#8221;&#8221; header_2_font_size_phone=&#8221;&#8221; header_2_font_size_last_edited=&#8221;on|phone&#8221; header_4_font_size_tablet=&#8221;22px&#8221; header_4_font_size_phone=&#8221;22px&#8221; header_4_font_size_last_edited=&#8221;on|desktop&#8221; global_colors_info=&#8221;{}&#8221; sticky_enabled=&#8221;0&#8243; module_class=&#8221;translation-block&#8221;]<\/p>\n<p><strong>Hambaravi all m\u00f5tleme eelk\u00f5ige kaariese ravi.<\/strong><\/p>\n<p><strong><\/strong><\/p>\n<h4><strong>Mis on kaaries?<\/strong><\/h4>\n<p>Kaaries on hamba k\u00f5vakudede kroonilise kuluga bakteriaalne haigus, mis viib hambakoe lagunemisele.<\/p>\n<p>Protsessi p\u00f5hjustavad suu\u00f5\u00f5ne mikroobid, peamiselt streptokokid ja laktobatsillid. Protsessi soodustuvad ja kiirendavad hambapinna katt, s\u00fcsivesikutest ja magusainetest \u00fclek\u00fcllastatud toit ja selle pikaajaline kontakt hambapinnaga ning hapeline keskkond suus.<\/p>\n<blockquote>\n<h4><em>Kaaries on p\u00f6\u00f6rdumatu protsess \u2013 hambakude ei parane iseenesest.<\/em><\/h4>\n<\/blockquote>\n<p>K\u00fcll on aga v\u00f5imalik algstaadiumis kaariese kulgu pidurdada ja emaili remineraliseerida.<\/p>\n<p>Eristatakse erinevad kaariese staadiumeid: algav kaaries, emailikaaries, dentiinikaaries ja s\u00fcgav dentiinikaaries.<\/p>\n<p><strong>Algav kaaries<\/strong> \u2013 hambaemaili laik ilma hambakoe defektita.<br \/><strong>Emaili kaaries<\/strong> \u2013 emailis kulgnev pindmine defekt.<br \/><strong>Dentiinikaaries<\/strong> \u2013 keskmise ulatusega defekt, mille puhul s\u00e4siruum on kaitstud suhteliselt paksuga dentiini kihiga.<br \/><strong>S\u00fcgav dentiinikaaries \u2013<\/strong>\u00a0hambas\u00e4si l\u00e4hedusse ulatuv protsess.<\/p>\n<p>&nbsp;<\/p>\n<h4><strong>Kuidas kaariest diagnoositakse?<\/strong><\/h4>\n<p><strong><\/strong><\/p>\n<p>&#8211; visuaalselt (vajadusel kasutatakse fiiberoptilist valgust)<br \/>&#8211; r\u00f6ntgeni abil<br \/>&#8211; termiliste testide abil<\/p>\n<p>&nbsp;<\/p>\n<h4><strong>Kuidas saab ennetada kaariese teket?<\/strong><\/h4>\n<p><strong style=\"font-size: 16px;\"><\/strong><\/p>\n<p><strong>1. Korralik suuh\u00fcgieen<\/strong> (hammaste pesu 2x p\u00e4evas \u00f5ige hambaharjamistehnikaga, hambaniidi kasutamine)<\/p>\n<p><strong>2. \u00d5iged toitumisharjumused<\/strong> (3-4 s\u00f6\u00f6gikorda p\u00e4evas, toidukordade vahel v\u00f5iks mitte n\u00e4ksida ja janu korral juua ainult vett).<\/p>\n<p><strong>3. Regulaarne hammaste kontroll<\/strong> (iga 6. kuu tagant)<\/p>\n<p>&nbsp;<\/p>\n<h4><strong>Kuidas kaariest ravida?<\/strong><\/h4>\n<p><strong><\/strong><\/p>\n<p>Ravitaktika s\u00f5ltub kaariese staadiumist.<\/p>\n<p>Kui tegemist on algva kaariesega, siis hambapind kaetakse fluori\u00fchenditega (m\u00e4lumispinnad on v\u00f5imalik katta hermeetikumiga) ning j\u00e4etakse j\u00e4lgimisele. Kaariese defekti raviks on lagunenud hambakoe eemaldamine, defektse koha desinfitseerimine ning t\u00e4itmine spetsiaalse materjaliga hamba pindade taastamiseks.<\/p>\n<p>&nbsp;<\/p>\n<p><strong>S\u00f5ltuvalt s\u00e4ilinud hambakoe hulgast, t\u00e4idiseid valmistatakse kahel viisil:<\/strong><strong><\/strong><\/p>\n<p><strong><\/strong><\/p>\n<p><strong>V\u00e4ikese defekti<\/strong> puhul, valmistab hambaarst t\u00e4idise otseselt visiidi ajal. Selleks enamasti kasutatakse valgusk\u00f5vastuvat komposiiitmaterjali.\u00f5&#8217;<br \/>Ajutiste lahenduste puhul kasutatakse ka klaasionomeermaterjali.<\/p>\n<p><strong>Ulatusliku defekti<\/strong> puhul on korrektsem asendada hambakude laboris valmistatud spetsiaalsete panustega. Selleks l\u00e4heb vaja 2 kuni 3 visiiti.<\/p>\n<p>Hea ravitulemuse kestvuse saavutamiseks on oluline hea suuh\u00fcgieen ning regulaarne hammaste kontroll.<\/p>\n<p>[\/et_pb_text][\/et_pb_column][\/et_pb_row][\/et_pb_section][et_pb_section fb_built=&#8221;1&#8243; admin_label=&#8221;Service Style 16 Main Section&#8221; _builder_version=&#8221;4.21.0&#8243; _module_preset=&#8221;default&#8221; custom_padding=&#8221;0px||||false|false&#8221; global_colors_info=&#8221;{}&#8221;][\/et_pb_section]<\/p>","protected":false},"excerpt":{"rendered":"<p>Meie teenused Kaariese raviHambaravi all m\u00f5tleme eelk\u00f5ige kaariese ravi. Mis on kaaries? Kaaries on hamba k\u00f5vakudede kroonilise kuluga bakteriaalne haigus, mis viib hambakoe lagunemisele. Protsessi p\u00f5hjustavad suu\u00f5\u00f5ne mikroobid, peamiselt streptokokid ja laktobatsillid. Protsessi soodustuvad ja kiirendavad hambapinna katt, s\u00fcsivesikutest ja magusainetest \u00fclek\u00fcllastatud toit ja selle pikaajaline kontakt hambapinnaga ning hapeline keskkond suus. Kaaries on p\u00f6\u00f6rdumatu [&hellip;]<\/p>","protected":false},"author":1,"featured_media":0,"parent":350377,"menu_order":0,"comment_status":"closed","ping_status":"closed","template":"","meta":{"_et_pb_use_builder":"on","_et_pb_old_content":"","_et_gb_content_width":"","footnotes":""},"_links":{"self":[{"href":"https:\/\/rotermannikliinik.ee\/ru\/wp-json\/wp\/v2\/pages\/350771"}],"collection":[{"href":"https:\/\/rotermannikliinik.ee\/ru\/wp-json\/wp\/v2\/pages"}],"about":[{"href":"https:\/\/rotermannikliinik.ee\/ru\/wp-json\/wp\/v2\/types\/page"}],"author":[{"embeddable":true,"href":"https:\/\/rotermannikliinik.ee\/ru\/wp-json\/wp\/v2\/users\/1"}],"replies":[{"embeddable":true,"href":"https:\/\/rotermannikliinik.ee\/ru\/wp-json\/wp\/v2\/comments?post=350771"}],"version-history":[{"count":5,"href":"https:\/\/rotermannikliinik.ee\/ru\/wp-json\/wp\/v2\/pages\/350771\/revisions"}],"predecessor-version":[{"id":352156,"href":"https:\/\/rotermannikliinik.ee\/ru\/wp-json\/wp\/v2\/pages\/350771\/revisions\/352156"}],"up":[{"embeddable":true,"href":"https:\/\/rotermannikliinik.ee\/ru\/wp-json\/wp\/v2\/pages\/350377"}],"wp:attachment":[{"href":"https:\/\/rotermannikliinik.ee\/ru\/wp-json\/wp\/v2\/media?parent=350771"}],"curies":[{"name":"wp","href":"https:\/\/api.w.org\/{rel}","templated":true}]}}