{"id":351083,"date":"2024-01-24T17:51:14","date_gmt":"2024-01-24T17:51:14","guid":{"rendered":"https:\/\/rotermannikliinik.ee\/?page_id=351083"},"modified":"2024-03-16T19:36:21","modified_gmt":"2024-03-16T19:36:21","slug":"implantoloogia","status":"publish","type":"page","link":"https:\/\/rotermannikliinik.ee\/ru\/\u0443\u0441\u043b\u0443\u0433\u0438\/\u0438\u043c\u043f\u043b\u0430\u043d\u0442\u043e\u043b\u043e\u0433\u0438\u044f\/","title":{"rendered":"\u0418\u043c\u043f\u043b\u0430\u043d\u0442\u043e\u043b\u043e\u0433\u0438\u044f"},"content":{"rendered":"<p>[et_pb_section fb_built=&#8221;1&#8243; custom_padding_last_edited=&#8221;on|phone&#8221; admin_label=&#8221;section&#8221; _builder_version=&#8221;4.23.4&#8243; background_image=&#8221;https:\/\/rotermannikliinik.ee\/wp-content\/uploads\/2024\/01\/implantoloogia.jpg&#8221; parallax=&#8221;on&#8221; height=&#8221;807px&#8221; height_tablet=&#8221;340px&#8221; height_phone=&#8221;525px&#8221; height_last_edited=&#8221;on|desktop&#8221; custom_padding=&#8221;20px||0px||false|false&#8221; custom_padding_tablet=&#8221;20px||0px||false|false&#8221; custom_padding_phone=&#8221;20px||0px||false|false&#8221; global_colors_info=&#8221;{}&#8221;][et_pb_row admin_label=&#8221;row&#8221; _builder_version=&#8221;4.23.4&#8243; background_size=&#8221;initial&#8221; background_position=&#8221;top_left&#8221; background_repeat=&#8221;repeat&#8221; global_colors_info=&#8221;{}&#8221;][et_pb_column type=&#8221;4_4&#8243; _builder_version=&#8221;4.23.4&#8243; custom_padding=&#8221;|||&#8221; global_colors_info=&#8221;{}&#8221; custom_padding__hover=&#8221;|||&#8221;][et_pb_text _builder_version=&#8221;4.23.4&#8243; _module_preset=&#8221;default&#8221; header_font=&#8221;Poppins|700|||||||&#8221; header_text_align=&#8221;left&#8221; header_text_color=&#8221;#FFFFFF&#8221; header_font_size=&#8221;64px&#8221; header_line_height=&#8221;1.1em&#8221; header_2_font=&#8221;Poppins|300|||||||&#8221; header_2_text_color=&#8221;#FFFFFF&#8221; header_2_font_size=&#8221;40px&#8221; header_2_line_height=&#8221;0.8em&#8221; custom_padding=&#8221;272px||||false|false&#8221; custom_padding_tablet=&#8221;90px||||false|false&#8221; custom_padding_phone=&#8221;155px||||false|false&#8221; custom_padding_last_edited=&#8221;on|phone&#8221; header_text_align_tablet=&#8221;left&#8221; header_text_align_phone=&#8221;left&#8221; header_text_align_last_edited=&#8221;on|phone&#8221; header_font_size_tablet=&#8221;45px&#8221; header_font_size_phone=&#8221;38px&#8221; header_font_size_last_edited=&#8221;on|phone&#8221; header_2_font_tablet=&#8221;Poppins|300|||||||&#8221; header_2_font_phone=&#8221;Poppins|300|||||||&#8221; header_2_font_last_edited=&#8221;on|phone&#8221; header_2_font_size_tablet=&#8221;31px&#8221; header_2_font_size_phone=&#8221;28px&#8221; header_2_font_size_last_edited=&#8221;on|desktop&#8221; header_2_letter_spacing_tablet=&#8221;-1px&#8221; header_2_letter_spacing_phone=&#8221;-1px&#8221; header_2_letter_spacing_last_edited=&#8221;on|desktop&#8221; header_text_shadow_style=&#8221;preset3&#8243; header_text_shadow_blur_strength=&#8221;0.5em&#8221; header_2_text_shadow_style=&#8221;preset3&#8243; header_2_text_shadow_blur_strength=&#8221;0.7em&#8221; header_2_text_shadow_color=&#8221;rgba(0,0,0,0.73)&#8221; global_colors_info=&#8221;{}&#8221;]<\/p>\n<h2>\u0423\u0441\u043b\u0443\u0433\u0438<\/h2>\n<h1>\u0418\u043c\u043f\u043b\u0430\u043d\u0442\u043e\u043b\u043e\u0433\u0438\u044f<\/h1>\n<p>[\/et_pb_text][\/et_pb_column][\/et_pb_row][\/et_pb_section][et_pb_section fb_built=&#8221;1&#8243; _builder_version=&#8221;4.23.4&#8243; _module_preset=&#8221;default&#8221; custom_margin_tablet=&#8221;&#8221; custom_margin_phone=&#8221;||||false|false&#8221; custom_margin_last_edited=&#8221;on|phone&#8221; custom_padding=&#8221;||||false|false&#8221; global_colors_info=&#8221;{}&#8221;][et_pb_row _builder_version=&#8221;4.23.4&#8243; _module_preset=&#8221;default&#8221; width_tablet=&#8221;88%&#8221; width_phone=&#8221;86%&#8221; width_last_edited=&#8221;on|phone&#8221; custom_padding=&#8221;0px|||||&#8221; hover_enabled=&#8221;0&#8243; collapsed=&#8221;on&#8221; global_colors_info=&#8221;{}&#8221; module_class=&#8221;translation-block&#8221; sticky_enabled=&#8221;0&#8243;][et_pb_column type=&#8221;4_4&#8243; _builder_version=&#8221;4.23.4&#8243; _module_preset=&#8221;default&#8221; global_colors_info=&#8221;{}&#8221;][et_pb_text _builder_version=&#8221;4.23.4&#8243; _module_preset=&#8221;default&#8221; text_font=&#8221;Poppins|300|||||||&#8221; text_font_size=&#8221;18px&#8221; text_line_height=&#8221;1.8em&#8221; header_font=&#8221;Raleway|300|||||||&#8221; header_text_color=&#8221;#570e20&#8243; header_line_height=&#8221;1.2em&#8221; header_2_font=&#8221;Poppins||||||||&#8221; header_3_font=&#8221;Poppins|700|||||||&#8221; header_3_font_size=&#8221;36px&#8221; header_4_font=&#8221;Poppins|700|||||||&#8221; header_4_text_color=&#8221;#570e20&#8243; header_4_font_size=&#8221;22px&#8221; header_4_line_height=&#8221;1.3em&#8221; text_font_size_tablet=&#8221;18px&#8221; text_font_size_phone=&#8221;15px&#8221; text_font_size_last_edited=&#8221;on|desktop&#8221; header_text_color_tablet=&#8221;#570e20&#8243; header_text_color_phone=&#8221;#570e20&#8243; header_text_color_last_edited=&#8221;on|desktop&#8221; header_font_size_tablet=&#8221;&#8221; header_font_size_phone=&#8221;&#8221; header_font_size_last_edited=&#8221;on|tablet&#8221; header_2_font_size_tablet=&#8221;&#8221; header_2_font_size_phone=&#8221;&#8221; header_2_font_size_last_edited=&#8221;on|phone&#8221; header_4_font_size_tablet=&#8221;22px&#8221; header_4_font_size_phone=&#8221;22px&#8221; header_4_font_size_last_edited=&#8221;on|desktop&#8221; global_colors_info=&#8221;{}&#8221;]<\/p>\n<h4>Mis on implantaadid?<\/h4>\n<p>Puuduvate hammastega patsientide ravis kasutatakse j\u00e4rjest enam implantaate. Implantaatravi on t\u00f5estanud end kui stabiilne ja pikaajaliselt toimiv mehhanism, mis on patsiendile v\u00e4ga mugav.<\/p>\n<p>Implantaadiga saab asendada \u00fcksikut v\u00f5i mitut puuduvat hammast. Implantaadid v\u00f5ivad moodustada ka toe mahukale mitte-eemaldatavale proteesile (sillale) v\u00f5i eemaldatavale proteesile, kui suus ei ole enam piisavalt oma hambaid.<\/p>\n<p>Kirurgilise operatsiooni abil paigaldatakse l\u00f5ualuusse implantaat (tavaliselt kohaliku tuimastusega), mida v\u00f5ib k\u00e4sitleda tehisjuurena.<\/p>\n<p>J\u00e4rgmise etapi ajal paigaldatakse pealisehitus (suus n\u00e4ha olev hambaprotees). Implantaadimaterjalina on end t\u00e4nu headele kehas\u00f5bralikele (bioloogiliselt sobivatele) omadustele ja vastupidavusele t\u00f5estanud titaan.<\/p>\n<p>Koost\u00f6\u00f6s hambaarstiga valitakse vastavalt suu\u00f5\u00f5ne seisundile ja soovitud funktsioonile implantaatide t\u00fc\u00fcp ja arv. Hambaravis on enim levinud implantaadivormiks t\u00e4nap\u00e4eval kruvid v\u00f5i tihvtid, mis on 3\u20134 mm l\u00e4bim\u00f5\u00f5duga ja 7\u201315 mm pikad.<\/p>\n<p>&nbsp;<\/p>\n<h5><\/h5>\n<p>[\/et_pb_text][et_pb_toggle title=&#8221;Kuidas tehakse implantatsiooni?&#8221; open_toggle_text_color=&#8221;#333333&#8243; open_toggle_background_color=&#8221;RGBA(255,255,255,0)&#8221; closed_toggle_background_color=&#8221;RGBA(255,255,255,0)&#8221; icon_color=&#8221;#570e20&#8243; toggle_icon=&#8221;&#x4c;||divi||400&#8243; use_icon_font_size=&#8221;on&#8221; icon_font_size=&#8221;20px&#8221; open_icon_color=&#8221;#333333&#8243; open_toggle_icon=&#8221;&#x4b;||divi||400&#8243; open_use_icon_font_size=&#8221;on&#8221; open_icon_font_size=&#8221;20px&#8221; _builder_version=&#8221;4.23.4&#8243; _module_preset=&#8221;default&#8221; title_text_color=&#8221;#570e20&#8243; title_font=&#8221;||||||||&#8221; title_font_size=&#8221;18px&#8221; body_font_size=&#8221;18px&#8221; body_line_height=&#8221;1.8em&#8221; custom_padding=&#8221;0px|0px|0px|0px|false|false&#8221; body_font_size_tablet=&#8221;18px&#8221; body_font_size_phone=&#8221;15px&#8221; body_font_size_last_edited=&#8221;on|desktop&#8221; border_width_all=&#8221;0px&#8221; global_colors_info=&#8221;{}&#8221;]<\/p>\n<p>Puuduva hamba asendamisel implantaadile kinnituva krooniga tuleb iga puuduva hamba asemele paigaldada implantaat. Sildade kasutamisel piisab v\u00e4iksemast implantaatide arvust: seet\u00f5ttu on protees k\u00fcll odavam, ent selle puhastamine v\u00f5ib olla keerukam. Implantatsioon on kirurgiline operatsioon, mida reeglina tehakse ambulatoorselt (ilma haiglas viibimiseta) ja kohaliku tuimastusega (ilma narkoosita). Vastavalt implantatsiooni kohale ja luu kvaliteedile luustuvad implantaadid kolme kuni kuue kuu jooksul, kusjuures alal\u00f5ualuus toimub luustumine kiiremini kui \u00fclal\u00f5ualuus. Luustumise protsessi ajal v\u00f5ib kanda implantaadi peal ajutist hambaproteesi. P\u00e4rast luustumist, mis toimub enamiku implantaadis\u00fcsteemide puhul patsiendi jaoks \u201en\u00e4htamatult\u201c limaskesta all, tuleb teise operatsiooni k\u00e4igus implantaat\/implantaadid limaskestast v\u00e4lja tuua, et saaks kas kohe v\u00f5i m\u00f5ne n\u00e4dala p\u00e4rast hambaproteesi jaoks j\u00e4ljendi v\u00f5tta ning valmistada ja paigaldada protees.<\/p>\n<p>[\/et_pb_toggle][et_pb_toggle title=&#8221;Millised on implantatsiooniga seotud ohud?&#8221; open_toggle_text_color=&#8221;#333333&#8243; open_toggle_background_color=&#8221;RGBA(255,255,255,0)&#8221; closed_toggle_background_color=&#8221;RGBA(255,255,255,0)&#8221; icon_color=&#8221;#570e20&#8243; toggle_icon=&#8221;&#x4c;||divi||400&#8243; use_icon_font_size=&#8221;on&#8221; icon_font_size=&#8221;20px&#8221; open_icon_color=&#8221;#333333&#8243; open_toggle_icon=&#8221;&#x4b;||divi||400&#8243; open_use_icon_font_size=&#8221;on&#8221; open_icon_font_size=&#8221;20px&#8221; _builder_version=&#8221;4.23.4&#8243; _module_preset=&#8221;default&#8221; title_text_color=&#8221;#570e20&#8243; title_font=&#8221;||||||||&#8221; title_font_size=&#8221;18px&#8221; body_font_size=&#8221;18px&#8221; body_line_height=&#8221;1.8em&#8221; custom_padding=&#8221;0px|0px|0px|0px|false|false&#8221; body_font_size_tablet=&#8221;18px&#8221; body_font_size_phone=&#8221;15px&#8221; body_font_size_last_edited=&#8221;on|desktop&#8221; border_width_all=&#8221;0px&#8221; global_colors_info=&#8221;{}&#8221;]<\/p>\n<p>R\u00e4\u00e4kides implantatsiooniga seotud ohtudest, tuleb alal\u00f5ualuu puhul silmas pidada eelk\u00f5ige kaht asjaolu:Luus kulgeva n\u00e4rvi (kolmikn\u00e4rvi) v\u00f5imalikku vigastamist: vigastuse v\u00f5i isegi l\u00e4bil\u00f5ikamise tagaj\u00e4rjeks on osaline v\u00f5i t\u00e4ielik tuimustunne (tuimastuss\u00fcsti m\u00f5jule sarnane) alahuule\/-l\u00f5ua sellel poolel, kus n\u00e4rvikahjustus tekkis, * \u00dclal\u00f5ualuu puhul v\u00f5ib kirurgiline puur v\u00f5i implantaat kahjustada p\u00f5skkoopa p\u00f5hja.Kui olemasoleva luu kvaliteet ja paksus ei ole piisav, v\u00f5ib m\u00f5nel juhul olla vajalik luu \u00fclesehitamine. Implantaadioperatsioon tehakse tavaliselt kohaliku tuimastusega. Operatsiooni k\u00e4igus paigaldatakse implantaat l\u00f5ualuusse ning l\u00f5puks \u00f5mmeldakse limaskest kinni. S\u00f5ltuvalt planeeritud proteesist ja l\u00f5ualuu olemasolevatest eeldustest langetab hambaarst otsuse avatud luustumise (implantaadi pea on n\u00e4htaval) v\u00f5i suletud luustumise (implantaadi kohal suletakse ige t\u00e4ielikult) vahel. Suletud luustumise puhul tuleb proteesi paigaldamise jaoks implantaat v\u00e4ikese kirurgilise protseduuri abil n\u00e4htavale tuua. Operatsioonipind paraneb tavaliselt valutult m\u00f5ne p\u00e4eva jooksul. Seej\u00e4rel algab tegelik luustumise faas. Selle protsessi jaoks antakse enamikul juhtudel implantaadile mitu n\u00e4dalat aega, nii et tekib stabiilne \u00fchendus l\u00f5ualuuga. Protsess kestab \u00fclal\u00f5ualuus tavaliselt pikemalt kui alal\u00f5ualuus. Erandjuhtudel on v\u00f5imalik nn kohene proteesimine.<\/p>\n<p>[\/et_pb_toggle][et_pb_toggle title=&#8221;Kuidas implantaat paigaldatakse?&#8221; open_toggle_text_color=&#8221;#333333&#8243; open_toggle_background_color=&#8221;RGBA(255,255,255,0)&#8221; closed_toggle_background_color=&#8221;RGBA(255,255,255,0)&#8221; icon_color=&#8221;#570e20&#8243; toggle_icon=&#8221;&#x4c;||divi||400&#8243; use_icon_font_size=&#8221;on&#8221; icon_font_size=&#8221;20px&#8221; open_icon_color=&#8221;#333333&#8243; open_toggle_icon=&#8221;&#x4b;||divi||400&#8243; open_use_icon_font_size=&#8221;on&#8221; open_icon_font_size=&#8221;20px&#8221; _builder_version=&#8221;4.23.4&#8243; _module_preset=&#8221;default&#8221; title_text_color=&#8221;#570e20&#8243; title_font=&#8221;||||||||&#8221; title_font_size=&#8221;18px&#8221; body_font_size=&#8221;18px&#8221; body_line_height=&#8221;1.8em&#8221; custom_padding=&#8221;0px|0px|0px|0px|false|false&#8221; body_font_size_tablet=&#8221;18px&#8221; body_font_size_phone=&#8221;15px&#8221; body_font_size_last_edited=&#8221;on|desktop&#8221; border_width_all=&#8221;0px&#8221; global_colors_info=&#8221;{}&#8221;]<\/p>\n<p>Nagu teiste hamba-, suu\u00f5\u00f5neja l\u00f5ualuuravi protseduuride puhul, tuleb siingi v\u00f5tta arvesse \u00fcldmeditsiinilisi eeldusi. Nii on raskete \u00fcldhaiguste, ainevahetush\u00e4irete ja nikotiini rohke tarbimise puhul implantatsiooni edukus piiratud. Edukas implantatsioon s\u00f5ltub olulisel m\u00e4\u00e4ral headest suuh\u00fcgieeni tingimustest. * K\u00f5igepealt tehakse suu\u00f5\u00f5ne t\u00e4pne l\u00e4bivaatus, eriti plaanitava implantatsiooni asukohas. Selleks hinnatakse l\u00f5ualuud ja seda \u00fcmbritsevat limaskesta, silmas pidades plaanitavat operatsiooni. * R\u00f6ntgenpiltide ja\/v\u00f5i teiste diagnostiliste vahenditega uuritakse luu kvaliteeti ja m\u00e4\u00e4ratakse kindlaks implantaadi hilisem asukoht. * J\u00e4rgneb mudelite ja individuaalse operatsiooni ablooni valmistamine, et implantaat t\u00e4pselt l\u00f5ualuusse paigutada.Kui olemasoleva luu kvaliteet ja paksus ei ole piisav, v\u00f5ib m\u00f5nel juhul olla vajalik luu \u00fclesehitamine. Implantaadioperatsioon tehakse tavaliselt kohaliku tuimastusega. Operatsiooni k\u00e4igus paigaldatakse implantaat l\u00f5ualuusse ning l\u00f5puks \u00f5mmeldakse limaskest kinni. S\u00f5ltuvalt planeeritud proteesist ja l\u00f5ualuu olemasolevatest eeldustest langetab hambaarst otsuse avatud luustumise (implantaadi pea on n\u00e4htaval) v\u00f5i suletud luustumise (implantaadi kohal suletakse ige t\u00e4ielikult) vahel. Suletud luustumise puhul tuleb proteesi paigaldamise jaoks implantaat v\u00e4ikese kirurgilise protseduuri abil n\u00e4htavale tuua. Operatsioonipind paraneb tavaliselt valutult m\u00f5ne p\u00e4eva jooksul. Seej\u00e4rel algab tegelik luustumise faas. Selle protsessi jaoks antakse enamikul juhtudel implantaadile mitu n\u00e4dalat aega, nii et tekib stabiilne \u00fchendus l\u00f5ualuuga. Protsess kestab \u00fclal\u00f5ualuus tavaliselt pikemalt kui alal\u00f5ualuus. Erandjuhtudel on v\u00f5imalik nn kohene proteesimine.<\/p>\n<p>[\/et_pb_toggle][et_pb_toggle title=&#8221;Kuidas paigaldatakse pealisehitus?&#8221; open_toggle_text_color=&#8221;#333333&#8243; open_toggle_background_color=&#8221;RGBA(255,255,255,0)&#8221; closed_toggle_background_color=&#8221;RGBA(255,255,255,0)&#8221; icon_color=&#8221;#570e20&#8243; toggle_icon=&#8221;&#x4c;||divi||400&#8243; use_icon_font_size=&#8221;on&#8221; icon_font_size=&#8221;20px&#8221; open_icon_color=&#8221;#333333&#8243; open_toggle_icon=&#8221;&#x4b;||divi||400&#8243; open_use_icon_font_size=&#8221;on&#8221; open_icon_font_size=&#8221;20px&#8221; _builder_version=&#8221;4.23.4&#8243; _module_preset=&#8221;default&#8221; title_text_color=&#8221;#570e20&#8243; title_font=&#8221;||||||||&#8221; title_font_size=&#8221;18px&#8221; body_font_size=&#8221;18px&#8221; body_line_height=&#8221;1.8em&#8221; custom_padding=&#8221;0px|0px|0px|0px|false|false&#8221; body_font_size_tablet=&#8221;18px&#8221; body_font_size_phone=&#8221;15px&#8221; body_font_size_last_edited=&#8221;on|desktop&#8221; border_width_all=&#8221;0px&#8221; global_colors_info=&#8221;{}&#8221;]<\/p>\n<p>P\u00e4rast luustumisfaasi l\u00f5ppu j\u00e4rgneb implantaadi proteesimine. Selleks paigaldatakse implantaadi sisse pealisehitus (tugipost) ning mitme protseduuri k\u00e4igus valmistatakse planeeritud hambaprotees. P\u00e4rast hamba proteesimist on vaja k\u00e4ia regulaarselt hambaarsti juures kontrollis. Sealjuures kontrollitakse implantaadi seisukorda ja suuh\u00fcgieeni ning antakse n\u00f5uandeid hoolduseks. Spetsiaalsete puhastusvahendite (hambavaheharjad, hambaniit) kasutamine kindlustab implantaadi pikaajalise kinnituse ning aitab v\u00e4ltida luu p\u00f5letikulist h\u00e4vinemist (peri-implantiiti). S\u00f5ltuvalt individuaalsest riskiastmest on vajalik hammaste professionaalne puhastamine. Vaatamata k\u00f5igile implantoloogiaedusammudele on siiski tegu proteesiga, mitte aga loomulike hammaste alternatiiviga. Oma loomulik ja terve hammas on ja j\u00e4\u00e4b parimaks.<\/p>\n<p>[\/et_pb_toggle][et_pb_toggle title=&#8221;Kas sildu ja implantaate tuleb eriliselt hooldada?&#8221; open_toggle_text_color=&#8221;#333333&#8243; open_toggle_background_color=&#8221;RGBA(255,255,255,0)&#8221; closed_toggle_background_color=&#8221;RGBA(255,255,255,0)&#8221; icon_color=&#8221;#570e20&#8243; toggle_icon=&#8221;&#x4c;||divi||400&#8243; use_icon_font_size=&#8221;on&#8221; icon_font_size=&#8221;20px&#8221; open_icon_color=&#8221;#333333&#8243; open_toggle_icon=&#8221;&#x4b;||divi||400&#8243; open_use_icon_font_size=&#8221;on&#8221; open_icon_font_size=&#8221;20px&#8221; _builder_version=&#8221;4.23.4&#8243; _module_preset=&#8221;default&#8221; title_text_color=&#8221;#570e20&#8243; title_font=&#8221;||||||||&#8221; title_font_size=&#8221;18px&#8221; body_font_size=&#8221;18px&#8221; body_line_height=&#8221;1.8em&#8221; custom_padding=&#8221;0px|0px|0px|0px|false|false&#8221; body_font_size_tablet=&#8221;18px&#8221; body_font_size_phone=&#8221;15px&#8221; body_font_size_last_edited=&#8221;on|desktop&#8221; border_width_all=&#8221;0px&#8221; global_colors_info=&#8221;{}&#8221;]<\/p>\n<p>Jah, lisaks tavap\u00e4rasele suuh\u00fcgieenile peaks proteesi ja implantaadi puhastamiseks kasutama peale tavalise hambaharja ka implantaatide puhastamiseks valmistatud spetsiaalseid abivahendeid ja tehnikat. Nii peaks sildade igemepoolset osa iga p\u00e4ev puhastama spetsiaalse hambaniidiga, millel on karvane puhastusosa. Ka implantaate peaks puhastama kas samasuguse hambaniidi v\u00f5i spetsiaalsete hambavaheharjadega. Patsiendile peaks vajalikke h\u00fcgieenimeetodeid tutvustama tema hambaarst v\u00f5i suuh\u00fcgienist. Lisaks on soovitatav k\u00e4ia v\u00e4hemalt iga kuue kuu tagant regulaarselt kontrollis.<\/p>\n<p>[\/et_pb_toggle][et_pb_toggle title=&#8221;Mida peaks veel teadma pealisehituse kohta?&#8221; open_toggle_text_color=&#8221;#333333&#8243; open_toggle_background_color=&#8221;RGBA(255,255,255,0)&#8221; closed_toggle_background_color=&#8221;RGBA(255,255,255,0)&#8221; icon_color=&#8221;#570e20&#8243; toggle_icon=&#8221;&#x4c;||divi||400&#8243; use_icon_font_size=&#8221;on&#8221; icon_font_size=&#8221;20px&#8221; open_icon_color=&#8221;#333333&#8243; open_toggle_icon=&#8221;&#x4b;||divi||400&#8243; open_use_icon_font_size=&#8221;on&#8221; open_icon_font_size=&#8221;20px&#8221; _builder_version=&#8221;4.23.4&#8243; _module_preset=&#8221;default&#8221; title_text_color=&#8221;#570e20&#8243; title_font=&#8221;||||||||&#8221; title_font_size=&#8221;18px&#8221; body_font_size=&#8221;18px&#8221; body_line_height=&#8221;1.8em&#8221; custom_padding=&#8221;0px|0px|0px|0px|false|false&#8221; body_font_size_tablet=&#8221;18px&#8221; body_font_size_phone=&#8221;15px&#8221; body_font_size_last_edited=&#8221;on|desktop&#8221; border_width_all=&#8221;0px&#8221; global_colors_info=&#8221;{}&#8221;]<\/p>\n<p>Implantaadikroon fi kseeritakse tugiposti k\u00fclge tsemendiga. Selleks kasutatakse spetsiaalset pehmet tsementi, mis annab v\u00f5imaluse vajaduse korral kroon eemaldada. Samas v\u00f5ib juhtuda, et s\u00f5ltuvalt patsiendi individuaalsest erip\u00e4rast (m\u00e4lumisj\u00f5udude suurus, toitumusharjumused jms) v\u00f5ib kroon liikuma hakata v\u00f5i eemalduda. Sellisel juhul v\u00f5tke \u00fchendust oma hambaarstiga, kes puhastab krooni ja tugiposti ning tsementeerib krooni tagasi. V\u00f5ib juhtuda, et selle aja jooksul, mil kroon ei ole paigas, kasvab ige tugiposti peale ning enne tsementeerimist on vajalikud teatud manipulatsioonid igemetega. Tugipost fi kseeritakse implantaadi sisse kruviga. Kruvi fi kseerimiseks kasutatakse spetsiaalset tootjatehases valmistatud v\u00f5tit, mis tagab kruvi kinnitamise teatud j\u00f5uga. Esineb olukordi, kus tulenevalt patsiendi erip\u00e4rast (m\u00e4lumisj\u00f5u-dude suurus, toitumisharjumused jms) v\u00f5ib kruvi lahti keerduda, p\u00f5hjustades krooni liikuvuse. Kui te seda m\u00e4rkate, v\u00f5tke \u00fchendust oma hambaarstiga, kes p\u00fc\u00fcab selle olukorra lahendada. K\u00f5igepealt proovitakse kroon posti k\u00fcljest \u00e4ra v\u00f5tta ning kui see \u00f5nnestub, siis fi kseeritakse post uuesti ja tsementeeritakse kroon tagasi. V\u00f5ib aga juhtuda, et krooni eemaldamine posti k\u00fcljest ei ole v\u00f5imalik ega otstarbekas (et mitte vigastada posti). Sellisel juhul tuleb krooni sisse ettevaatlikult puurida ava ning fi kseerida posti kruvi l\u00e4bi selle ava. M\u00f5nel juhul aga ei ole see v\u00f5imalik ning selleks, et v\u00e4ltida implantaadi vigastamist, tuleb kroon lahti l\u00f5igata, fi kseerida tugipost ning hiljem valmistada uus kroon.<\/p>\n<p>[\/et_pb_toggle][et_pb_toggle title=&#8221;Kui \u00f5nnestunud saab olla hambat\u00fchikute t\u00e4itmine sildade ja implantaatidega pikas perspektiivis?&#8221; open_toggle_text_color=&#8221;#333333&#8243; open_toggle_background_color=&#8221;RGBA(255,255,255,0)&#8221; closed_toggle_background_color=&#8221;RGBA(255,255,255,0)&#8221; icon_color=&#8221;#570e20&#8243; toggle_icon=&#8221;&#x4c;||divi||400&#8243; use_icon_font_size=&#8221;on&#8221; icon_font_size=&#8221;20px&#8221; open_icon_color=&#8221;#333333&#8243; open_toggle_icon=&#8221;&#x4b;||divi||400&#8243; open_use_icon_font_size=&#8221;on&#8221; open_icon_font_size=&#8221;20px&#8221; _builder_version=&#8221;4.23.4&#8243; _module_preset=&#8221;default&#8221; title_text_color=&#8221;#570e20&#8243; title_font=&#8221;||||||||&#8221; title_font_size=&#8221;18px&#8221; body_font_size=&#8221;18px&#8221; body_line_height=&#8221;1.8em&#8221; custom_padding=&#8221;0px|0px|0px|0px|false|false&#8221; body_font_size_tablet=&#8221;18px&#8221; body_font_size_phone=&#8221;15px&#8221; body_font_size_last_edited=&#8221;on|desktop&#8221; border_width_all=&#8221;0px&#8221; global_colors_info=&#8221;{}&#8221;]<\/p>\n<p>Silla ja implantaatproteeside paigaldamise \u00f5nnestumist on hinnatud erinevalt. On t\u00f5estatud, et reeglina luustuvad implantaadid probleemideta. Pikaajalised probleemid tulenevad pigem suutervisest. Nii v\u00f5ivad tekkida igemehaigused (nt parodontiit) ka implantaatide puhul (peri-implantiit). Implantaadikaotus \u2013 eriti implantaadi pikema kandmise korral \u2013 on sageli seotud ebapiisava suuh\u00fcgieeniga, tihti on need aga individuaalsed tegurid (suitsetamine) v\u00f5i patsiendi \u00fcldtervislikud muutused, mis v\u00f5ivad p\u00f5hjustada implantaadikaotuse. T\u00e4htis on, et igal juhul oleks implantaadi \u00fcmber v\u00f5imalik optimaalne suuh\u00fcgieen. Lisaks \u00f5igele n\u00e4idustusele ning \u00f5igele proteesi ja implantaadi planeerimisele ja paigaldusele on \u00fcldiselt terve patsiendi puhul, kes ei kuulu riskir\u00fchma, t\u00e4htis hea suuh\u00fcgieen ja proteesihooldus. Need on pikaajalise tulemuse eeldusteks.<\/p>\n<p>[\/et_pb_toggle][\/et_pb_column][\/et_pb_row][\/et_pb_section][et_pb_section fb_built=&#8221;1&#8243; admin_label=&#8221;Service Style 16 Main Section&#8221; _builder_version=&#8221;4.21.0&#8243; _module_preset=&#8221;default&#8221; custom_padding=&#8221;0px||||false|false&#8221; global_colors_info=&#8221;{}&#8221;][\/et_pb_section]<\/p>","protected":false},"excerpt":{"rendered":"<p>Meie teenused ImplantoloogiaMis on implantaadid? Puuduvate hammastega patsientide ravis kasutatakse j\u00e4rjest enam implantaate. Implantaatravi on t\u00f5estanud end kui stabiilne ja pikaajaliselt toimiv mehhanism, mis on patsiendile v\u00e4ga mugav. Implantaadiga saab asendada \u00fcksikut v\u00f5i mitut puuduvat hammast. Implantaadid v\u00f5ivad moodustada ka toe mahukale mitte-eemaldatavale proteesile (sillale) v\u00f5i eemaldatavale proteesile, kui suus ei ole enam piisavalt oma [&hellip;]<\/p>","protected":false},"author":1,"featured_media":0,"parent":350377,"menu_order":0,"comment_status":"closed","ping_status":"closed","template":"","meta":{"_et_pb_use_builder":"on","_et_pb_old_content":"","_et_gb_content_width":"","footnotes":""},"_links":{"self":[{"href":"https:\/\/rotermannikliinik.ee\/ru\/wp-json\/wp\/v2\/pages\/351083"}],"collection":[{"href":"https:\/\/rotermannikliinik.ee\/ru\/wp-json\/wp\/v2\/pages"}],"about":[{"href":"https:\/\/rotermannikliinik.ee\/ru\/wp-json\/wp\/v2\/types\/page"}],"author":[{"embeddable":true,"href":"https:\/\/rotermannikliinik.ee\/ru\/wp-json\/wp\/v2\/users\/1"}],"replies":[{"embeddable":true,"href":"https:\/\/rotermannikliinik.ee\/ru\/wp-json\/wp\/v2\/comments?post=351083"}],"version-history":[{"count":5,"href":"https:\/\/rotermannikliinik.ee\/ru\/wp-json\/wp\/v2\/pages\/351083\/revisions"}],"predecessor-version":[{"id":352161,"href":"https:\/\/rotermannikliinik.ee\/ru\/wp-json\/wp\/v2\/pages\/351083\/revisions\/352161"}],"up":[{"embeddable":true,"href":"https:\/\/rotermannikliinik.ee\/ru\/wp-json\/wp\/v2\/pages\/350377"}],"wp:attachment":[{"href":"https:\/\/rotermannikliinik.ee\/ru\/wp-json\/wp\/v2\/media?parent=351083"}],"curies":[{"name":"wp","href":"https:\/\/api.w.org\/{rel}","templated":true}]}}