{"id":351328,"date":"2024-02-06T18:04:01","date_gmt":"2024-02-06T18:04:01","guid":{"rendered":"https:\/\/rotermannikliinik.ee\/?page_id=351328"},"modified":"2024-03-16T19:35:19","modified_gmt":"2024-03-16T19:35:19","slug":"suukirurgia","status":"publish","type":"page","link":"https:\/\/rotermannikliinik.ee\/ru\/\u0443\u0441\u043b\u0443\u0433\u0438\/\u0445\u0438\u0440\u0443\u0440\u0433\u0438\u044f-\u043f\u043e\u043b\u043e\u0441\u0442\u0438-\u0440\u0442\u0430\/","title":{"rendered":"\u0425\u0438\u0440\u0443\u0440\u0433\u0438\u044f \u043f\u043e\u043b\u043e\u0441\u0442\u0438 \u0440\u0442\u0430"},"content":{"rendered":"<p>[et_pb_section fb_built=&#8221;1&#8243; custom_padding_last_edited=&#8221;on|phone&#8221; admin_label=&#8221;section&#8221; _builder_version=&#8221;4.23.4&#8243; background_image=&#8221;https:\/\/rotermannikliinik.ee\/wp-content\/uploads\/2024\/02\/IMG_8001-scaled.jpg&#8221; parallax=&#8221;on&#8221; height=&#8221;807px&#8221; height_tablet=&#8221;340px&#8221; height_phone=&#8221;525px&#8221; height_last_edited=&#8221;on|desktop&#8221; custom_padding=&#8221;20px||0px||false|false&#8221; custom_padding_tablet=&#8221;20px||0px||false|false&#8221; custom_padding_phone=&#8221;20px||0px||false|false&#8221; global_colors_info=&#8221;{}&#8221;][et_pb_row admin_label=&#8221;row&#8221; _builder_version=&#8221;4.23.4&#8243; background_size=&#8221;initial&#8221; background_position=&#8221;top_left&#8221; background_repeat=&#8221;repeat&#8221; global_colors_info=&#8221;{}&#8221;][et_pb_column type=&#8221;4_4&#8243; _builder_version=&#8221;4.23.4&#8243; custom_padding=&#8221;|||&#8221; global_colors_info=&#8221;{}&#8221; custom_padding__hover=&#8221;|||&#8221;][et_pb_text _builder_version=&#8221;4.23.4&#8243; _module_preset=&#8221;default&#8221; header_font=&#8221;Poppins|700|||||||&#8221; header_text_align=&#8221;left&#8221; header_text_color=&#8221;#FFFFFF&#8221; header_font_size=&#8221;64px&#8221; header_line_height=&#8221;1.1em&#8221; header_2_font=&#8221;Poppins|300|||||||&#8221; header_2_text_color=&#8221;#FFFFFF&#8221; header_2_font_size=&#8221;40px&#8221; header_2_line_height=&#8221;0.8em&#8221; custom_padding=&#8221;272px||||false|false&#8221; custom_padding_tablet=&#8221;90px||||false|false&#8221; custom_padding_phone=&#8221;155px||||false|false&#8221; custom_padding_last_edited=&#8221;on|phone&#8221; header_text_align_tablet=&#8221;left&#8221; header_text_align_phone=&#8221;left&#8221; header_text_align_last_edited=&#8221;on|phone&#8221; header_font_size_tablet=&#8221;45px&#8221; header_font_size_phone=&#8221;38px&#8221; header_font_size_last_edited=&#8221;on|phone&#8221; header_2_font_tablet=&#8221;Poppins|300|||||||&#8221; header_2_font_phone=&#8221;Poppins|300|||||||&#8221; header_2_font_last_edited=&#8221;on|phone&#8221; header_2_font_size_tablet=&#8221;31px&#8221; header_2_font_size_phone=&#8221;28px&#8221; header_2_font_size_last_edited=&#8221;on|desktop&#8221; header_2_letter_spacing_tablet=&#8221;-1px&#8221; header_2_letter_spacing_phone=&#8221;-1px&#8221; header_2_letter_spacing_last_edited=&#8221;on|desktop&#8221; header_text_shadow_style=&#8221;preset3&#8243; header_text_shadow_blur_strength=&#8221;0.5em&#8221; header_2_text_shadow_style=&#8221;preset3&#8243; header_2_text_shadow_blur_strength=&#8221;0.7em&#8221; header_2_text_shadow_color=&#8221;rgba(0,0,0,0.73)&#8221; global_colors_info=&#8221;{}&#8221;]<\/p>\n<h2>\u0423\u0441\u043b\u0443\u0433\u0438<\/h2>\n<h1>\u0425\u0438\u0440\u0443\u0440\u0433\u0438\u044f \u043f\u043e\u043b\u043e\u0441\u0442\u0438 \u0440\u0442\u0430<\/h1>\n<p>[\/et_pb_text][\/et_pb_column][\/et_pb_row][\/et_pb_section][et_pb_section fb_built=&#8221;1&#8243; _builder_version=&#8221;4.23.4&#8243; _module_preset=&#8221;default&#8221; custom_margin_tablet=&#8221;&#8221; custom_margin_phone=&#8221;||||false|false&#8221; custom_margin_last_edited=&#8221;on|phone&#8221; custom_padding=&#8221;||||false|false&#8221; global_colors_info=&#8221;{}&#8221;][et_pb_row _builder_version=&#8221;4.23.4&#8243; _module_preset=&#8221;default&#8221; width_tablet=&#8221;88%&#8221; width_phone=&#8221;86%&#8221; width_last_edited=&#8221;on|phone&#8221; custom_padding=&#8221;0px|||||&#8221; collapsed=&#8221;off&#8221; global_colors_info=&#8221;{}&#8221;][et_pb_column type=&#8221;4_4&#8243; _builder_version=&#8221;4.23.4&#8243; _module_preset=&#8221;default&#8221; global_colors_info=&#8221;{}&#8221;][et_pb_text _builder_version=&#8221;4.23.4&#8243; _module_preset=&#8221;default&#8221; text_font=&#8221;Poppins|300|||||||&#8221; text_font_size=&#8221;18px&#8221; text_line_height=&#8221;1.8em&#8221; header_font=&#8221;Raleway|300|||||||&#8221; header_text_color=&#8221;#570e20&#8243; header_line_height=&#8221;1.2em&#8221; header_2_font=&#8221;Poppins||||||||&#8221; header_3_font=&#8221;Poppins|700|||||||&#8221; header_3_font_size=&#8221;36px&#8221; header_4_font=&#8221;Poppins|700|||||||&#8221; header_4_text_color=&#8221;#570e20&#8243; header_4_font_size=&#8221;22px&#8221; header_4_line_height=&#8221;1.3em&#8221; hover_enabled=&#8221;0&#8243; text_font_size_tablet=&#8221;18px&#8221; text_font_size_phone=&#8221;15px&#8221; text_font_size_last_edited=&#8221;on|desktop&#8221; header_text_color_tablet=&#8221;#570e20&#8243; header_text_color_phone=&#8221;#570e20&#8243; header_text_color_last_edited=&#8221;on|desktop&#8221; header_font_size_tablet=&#8221;&#8221; header_font_size_phone=&#8221;&#8221; header_font_size_last_edited=&#8221;on|tablet&#8221; header_2_font_size_tablet=&#8221;&#8221; header_2_font_size_phone=&#8221;&#8221; header_2_font_size_last_edited=&#8221;on|phone&#8221; header_4_font_size_tablet=&#8221;22px&#8221; header_4_font_size_phone=&#8221;22px&#8221; header_4_font_size_last_edited=&#8221;on|desktop&#8221; global_colors_info=&#8221;{}&#8221; module_class=&#8221;translation-block&#8221; sticky_enabled=&#8221;0&#8243;]<\/p>\n<p>Suukirurgia h\u00f5lmab mitmeid protseduure. Mida t\u00e4psemalt tehakse?<\/p>\n<p>&nbsp;<\/p>\n<h4>Hamba v\u00f5i juure eemaldamine<\/h4>\n<p>Hamba v\u00f5i hambajuure eemaldamiseks tehakse k\u00f5igepealt tuimastav s\u00fcst, mis v\u00f5tab \u00e4ra valutundlikkuse. Lihtsamate hammaste puhul j\u00e4rgnebki tuimastamisele hamba eemaldamine ning hambasombu puhastamine, kui seal on p\u00f5letikulisi kudesid. Enamasti pole p\u00e4rast tavalise hamba eemaldamist \u00f5mblusi asetada vaja.<\/p>\n<p>Kui hambal on mitu juurt, tuleb see vahel mitmeks t\u00fckiks puurida ja siis eraldi osadena eemaldada. See protseduur sarnaneb tavalise hambapuurimisega hambaaugu korral.<\/p>\n<p>&nbsp;<\/p>\n<h4>Osaliselt v\u00f5i t\u00e4ielikult l\u00f5ikumata (tarkuse)hammaste eemaldamine<\/h4>\n<p>Protseduur viiakse l\u00e4bi steriilsetes tingimustes: patsient kaetakse steriilse linaga, kasutuses on steriilsed instrumendid ning arst kannab steriilseid kindaid. Steriilne katmine toimub tavaliselt peale hamba tuimastamist.<\/p>\n<p>Selleks et hammas k\u00e4tte saada, tuleb igemele l\u00f5ige teha ning hammas pehmetest kudedest vabastada. Vahel on suhu l\u00f5ikumata hambad ka luuga kaetud, sel juhul tuleb luud eest \u00e4ra puurida. See tunne meenutab patsiendile tavalist hambapuurimist. Kuna luu tuimeneb hambast kergemini, siis pole valus. Kui hambajuured hargnevad erinevatesse suundadesse, tuleb hammas t\u00fckkideks puurida ning eraldi osadena eemaldada.<\/p>\n<p>Kui hammas on eemaldatud, tuleb hambasomp (koht, kus hammas luu sees oli) hoolikalt puhastada p\u00f5letikulisest koest ning loputada, et v\u00e4ltida lahtise hamba- v\u00f5i luupuru j\u00e4\u00e4mist alveooli ehk hambasompu. Haavale asetatakse \u00f5mblused, mis olenevalt kasutatud niidist tuleb kas eemaldada v\u00f5i sulavad need ise \u00e4ra.<\/p>\n<p>&nbsp;<\/p>\n<h4>Ts\u00fcsti ja hamba juuretipu eemaldamine<\/h4>\n<p>L\u00f5ualuu ts\u00fcst on \u00fcla- v\u00f5i alal\u00f5ualuus asetsev vedelikuga t\u00e4idetud \u00f5\u00f5nsus, mis on vooderdatud pehmete, mitteluuliste rakkudega. Sellised \u00f5\u00f5nsused muudavad l\u00f5ualuud n\u00f5rgemaks ning v\u00f5ivad ka suureneda ja p\u00f5letikku tekitada.<\/p>\n<p>Hamba juuretipp on vajalik eemaldada, kui seal \u00fcmber on krooniline p\u00f5letik (hambatipu \u00fcmber on toimunud luu sulamine ja t\u00fchimik on t\u00e4itunud p\u00f5letikulise granulatsioonkoega), mis ei allu juurekanali kaudu teostatavale ravile. Sellised p\u00f5letikud v\u00f5ivad p\u00f5hjustada edasist luu sulamist ja l\u00f5puks kahjustada ka k\u00f5rvalhambaid. Krooniliste protsesside puhul v\u00f5ib tekkida ka \u00e4genemisi, mille tagaj\u00e4rjeks v\u00f5ib olla n\u00e4iteks l\u00f5ulauu abstsess (vt allpool).<\/p>\n<p>L\u00f5ualuude ts\u00fcsti v\u00f5i hamba juuretipu \u00fcmber oleva p\u00f5letikukolde eemaldamine toimub samuti steriilsetes tingimustes ja vastava piirkonna tuimastamisel s\u00fcstiga.<\/p>\n<p>Ts\u00fcsti v\u00f5i p\u00f5letikukolde piirkond vabastatakse pehmetest kudedest. Kui ts\u00fcst v\u00f5i p\u00f5letikukolle pole ise luud eest \u00e4ra h\u00e4vitanud, tehakse puuriga l\u00e4bip\u00e4\u00e4s luust, mis meenutab tavalise hambapuurimise tunnet. Seej\u00e4rel puhastatakse p\u00f5hjalikult ts\u00fcsti v\u00f5i p\u00f5letikukolde sisu, kuni igas suunas on tunda puhast luud. Kui tegemist on juuretipu \u00fcmber oleva p\u00f5letikukoldega, siis eemaldatakse ka v\u00e4ike osa hamba juuretipust ning juurekanalit t\u00e4idetakse m\u00f5ned millimeetrid tipu poolt spetsiaalse materjaliga. Juuretipu \u00fcmber oleva p\u00f5letikukolde eemaldamise eelduseks on varasem korrektne juureravi.<\/p>\n<p>Vahel v\u00f5ib olla ka vajadus (n\u00e4iteks kui plaanitakse hambaimplantaat paigaldada) asetada puhastatud ts\u00fcsti \u00f5\u00f5nde uus luu, selleks v\u00f5ib olla patsiendi enda luu mingist muust piirkonnast v\u00f5i kunstluu.<\/p>\n<p>Protseduuri l\u00f5pus asetatakse pehmetele kudedele \u00f5mblused, mis olenevalt kasutatud niidist tuleb kas eemaldada v\u00f5i sulavad ise \u00e4ra.<\/p>\n<p>&nbsp;<\/p>\n<h4>Hamba vabastamine ortodontiliseks raviks<\/h4>\n<p>Protseduur sarnaneb l\u00f5ikumata hamba eemaldamisele. Peale tuimastamist kaetakse patsient steriilselt, igemele tehakse l\u00f5ige, et vabastada hamba piirkond pehmetest kudedest ning hamba eest eemaldatakse luud nii palju, et hambal oleks piisavalt ruumi suhutulekuks. Operatsiooni k\u00e4igus kinnitatakse hambale spetsiaalne detail, millega hakatakse hammast teiste k\u00f5rvale \u00f5igesse ritta sikutama. Vajadusel asetatakse igemele ka \u00f5mblused.<\/p>\n<p>&nbsp;<\/p>\n<h4>Huule- ja keelekida operatsioonid<\/h4>\n<p>Huulekida on v\u00e4\u00e4tjas moodustis, mis \u00fchendab huuli ja igemeid, keelekida \u00fchendab keelt ja suup\u00f5hja. Vahel on kidad liiga l\u00fchikesed, millega v\u00f5ivad kaasneda funktsionaalsed h\u00e4ired, n\u00e4iteks k\u00f5nes ja s\u00f6\u00f6misel.<\/p>\n<p>Seda protseduuri saab teha kahel viisil: skalpelli v\u00f5i laseriga. M\u00f5lemal juhul on vajalik k\u00fcll eelnev tuimastus, kuid laseriga pole vaja tavaliselt \u00f5mblusi asetada. Protseduur on lihtne ja kiire, l\u00fchike huule- v\u00f5i keelekida vabastatakse.<\/p>\n<p>&nbsp;<\/p>\n<h4>Healoomuliste kasvajate eemaldamine suu\u00f5\u00f5nest<\/h4>\n<p>Protseduur viiakse l\u00e4bi kohaliku tuimastuss\u00fcstiga. Kasvaja eemaldatakse ning haavale asetatakse \u00f5mblused. Vajadusel saadetakse preparaat ka laborisse histoloogilisse uuringusse, kus vaadatakse mikroskoobiga t\u00e4pselt, milliseid rakke kasvaja sisaldab.<\/p>\n<p>&nbsp;<\/p>\n<h4>Abstsessi avamine<\/h4>\n<p>Abstsess on p\u00f5letiku t\u00f5ttu tekkinud m\u00e4dakolle, mille k\u00f5ige t\u00f5husam ravi on selle lahtil\u00f5ikamine. K\u00f5igepealt tuimastatakse turse ja abstsessi piirkond s\u00fcstiga ning seej\u00e4rel tehakse skalpelliga l\u00f5ige, et p\u00f5letikuline vedelik saaks v\u00e4ljuda. Kui tekib kahtlus, et kogu p\u00f5letikuline vedelik ei v\u00e4ljunud haavast v\u00f5i on oht, et seda lisandub, pannakse haava dreen (lateksist v\u00f5i jodoformiga immutatud marliriba), mis hoiab haava lahti ega lase p\u00f5letikukoldel kohe umbseks tagasi muutuda. Dreen tuleks 1-2 p\u00e4eva p\u00e4rast eemaldada v\u00f5i vahetada.<\/p>\n<p>&nbsp;<\/p>\n<h4>Kirurgiline hambakivi eemaldamine<\/h4>\n<p>Kirurgilist hambakivi eemaldamist kasutatakse k\u00fcllaltki harva, kuna hambak\u00fcretaa\u017e on t\u00e4nap\u00e4eva instrumentidega v\u00e4ga t\u00f5hus. Teinekord siiski on vaja tuimastuse all vabastada hambajuured pehmetest kudedest ning puhastada need hambakivist. Vajadusel tehakse ka luuplastikat, mille k\u00e4igus lisatakse hambakivist tekkinud luudefekti asemele uut luud. Seej\u00e4rel asetatakse pehmetele kudedele \u00f5mblused.<\/p>\n<p>&nbsp;<\/p>\n<h4>Kirurgiline ettevalmistus proteesimiseks<\/h4>\n<p>Hambutul l\u00f5ualuul v\u00f5ib olla nii pehmekoelisi kui luulisi moodustisi, mis tuleb enne proteesimist eemaldada. Pehmekoeliste ehk igemel olevate moodustiste eemaldamine sarnaneb suu\u00f5\u00f5ne kasvajate eemaldamisele. Luuliste, nn m\u00fcgarike (eksostooside) eemaldamiseks tehakse samuti tuimastuss\u00fcst, seej\u00e4rel tehakse igemele eksostoosi kohale l\u00f5ige ning m\u00fcgarik tasandatakse puuriga. Protseduuri l\u00f5pus asetatakse igemele \u00f5mblused, mis vastavalt materjalile tuleb kas eemaldada v\u00f5i sulavad need ise \u00e4ra.<\/p>\n<p>Kirurgilised protseduurid m\u00f5juvad sageli heidutavamalt, kui nad tegelikult on. Suu\u00f5\u00f5ne operatsioonidega kaasnevad k\u00fcll m\u00f5ned ebamugavused, ent t\u00f5husad t\u00e4nap\u00e4evased kohalikud tuimastused tagavad protseduuride valutuse ja kerge talutavuse.<\/p>\n<p>&nbsp;<\/p>\n<p>[\/et_pb_text][\/et_pb_column][\/et_pb_row][\/et_pb_section][et_pb_section fb_built=&#8221;1&#8243; admin_label=&#8221;Service Style 16 Main Section&#8221; _builder_version=&#8221;4.21.0&#8243; _module_preset=&#8221;default&#8221; custom_padding=&#8221;0px||||false|false&#8221; collapsed=&#8221;off&#8221; global_colors_info=&#8221;{}&#8221;][\/et_pb_section]<\/p>","protected":false},"excerpt":{"rendered":"<p>Meie teenused SuukirurgiaSuukirurgia h\u00f5lmab mitmeid protseduure. Mida t\u00e4psemalt tehakse? &nbsp; Hamba v\u00f5i juure eemaldamine Hamba v\u00f5i hambajuure eemaldamiseks tehakse k\u00f5igepealt tuimastav s\u00fcst, mis v\u00f5tab \u00e4ra valutundlikkuse. Lihtsamate hammaste puhul j\u00e4rgnebki tuimastamisele hamba eemaldamine ning hambasombu puhastamine, kui seal on p\u00f5letikulisi kudesid. Enamasti pole p\u00e4rast tavalise hamba eemaldamist \u00f5mblusi asetada vaja. Kui hambal on mitu juurt, [&hellip;]<\/p>","protected":false},"author":1,"featured_media":0,"parent":350377,"menu_order":0,"comment_status":"closed","ping_status":"closed","template":"","meta":{"_et_pb_use_builder":"on","_et_pb_old_content":"","_et_gb_content_width":"","footnotes":""},"_links":{"self":[{"href":"https:\/\/rotermannikliinik.ee\/ru\/wp-json\/wp\/v2\/pages\/351328"}],"collection":[{"href":"https:\/\/rotermannikliinik.ee\/ru\/wp-json\/wp\/v2\/pages"}],"about":[{"href":"https:\/\/rotermannikliinik.ee\/ru\/wp-json\/wp\/v2\/types\/page"}],"author":[{"embeddable":true,"href":"https:\/\/rotermannikliinik.ee\/ru\/wp-json\/wp\/v2\/users\/1"}],"replies":[{"embeddable":true,"href":"https:\/\/rotermannikliinik.ee\/ru\/wp-json\/wp\/v2\/comments?post=351328"}],"version-history":[{"count":5,"href":"https:\/\/rotermannikliinik.ee\/ru\/wp-json\/wp\/v2\/pages\/351328\/revisions"}],"predecessor-version":[{"id":352160,"href":"https:\/\/rotermannikliinik.ee\/ru\/wp-json\/wp\/v2\/pages\/351328\/revisions\/352160"}],"up":[{"embeddable":true,"href":"https:\/\/rotermannikliinik.ee\/ru\/wp-json\/wp\/v2\/pages\/350377"}],"wp:attachment":[{"href":"https:\/\/rotermannikliinik.ee\/ru\/wp-json\/wp\/v2\/media?parent=351328"}],"curies":[{"name":"wp","href":"https:\/\/api.w.org\/{rel}","templated":true}]}}