{"id":351332,"date":"2024-02-06T18:17:50","date_gmt":"2024-02-06T18:17:50","guid":{"rendered":"https:\/\/rotermannikliinik.ee\/?page_id=351332"},"modified":"2024-03-20T08:29:58","modified_gmt":"2024-03-20T08:29:58","slug":"%d0%be%d1%82%d0%b1%d0%b5%d0%bb%d0%b8%d0%b2%d0%b0%d0%bd%d0%b8%d0%b5-%d0%b7%d1%83%d0%b1%d0%be%d0%b2","status":"publish","type":"page","link":"https:\/\/rotermannikliinik.ee\/ru\/teenused\/hammaste-valgendamine\/","title":{"rendered":"\u041e\u0442\u0431\u0435\u043b\u0438\u0432\u0430\u043d\u0438\u0435 \u0437\u0443\u0431\u043e\u0432"},"content":{"rendered":"<p>[et_pb_section fb_built=&#8221;1&#8243; custom_padding_last_edited=&#8221;on|phone&#8221; admin_label=&#8221;section&#8221; _builder_version=&#8221;4.23.4&#8243; background_image=&#8221;https:\/\/rotermannikliinik.ee\/wp-content\/uploads\/2024\/02\/valgendamine-2.jpg&#8221; parallax=&#8221;on&#8221; height=&#8221;807px&#8221; height_tablet=&#8221;340px&#8221; height_phone=&#8221;525px&#8221; height_last_edited=&#8221;on|desktop&#8221; custom_padding=&#8221;20px||0px||false|false&#8221; custom_padding_tablet=&#8221;20px||0px||false|false&#8221; custom_padding_phone=&#8221;20px||0px||false|false&#8221; global_colors_info=&#8221;{}&#8221;][et_pb_row admin_label=&#8221;row&#8221; _builder_version=&#8221;4.23.4&#8243; background_size=&#8221;initial&#8221; background_position=&#8221;top_left&#8221; background_repeat=&#8221;repeat&#8221; global_colors_info=&#8221;{}&#8221;][et_pb_column type=&#8221;4_4&#8243; _builder_version=&#8221;4.23.4&#8243; custom_padding=&#8221;|||&#8221; global_colors_info=&#8221;{}&#8221; custom_padding__hover=&#8221;|||&#8221;][et_pb_text _builder_version=&#8221;4.23.4&#8243; _module_preset=&#8221;default&#8221; header_font=&#8221;Poppins|700|||||||&#8221; header_text_align=&#8221;left&#8221; header_text_color=&#8221;#FFFFFF&#8221; header_font_size=&#8221;64px&#8221; header_line_height=&#8221;1.1em&#8221; header_2_font=&#8221;Poppins|300|||||||&#8221; header_2_text_color=&#8221;#FFFFFF&#8221; header_2_font_size=&#8221;40px&#8221; header_2_line_height=&#8221;0.8em&#8221; custom_padding=&#8221;272px||||false|false&#8221; custom_padding_tablet=&#8221;90px||||false|false&#8221; custom_padding_phone=&#8221;155px||||false|false&#8221; custom_padding_last_edited=&#8221;on|phone&#8221; header_text_align_tablet=&#8221;left&#8221; header_text_align_phone=&#8221;left&#8221; header_text_align_last_edited=&#8221;on|phone&#8221; header_font_size_tablet=&#8221;45px&#8221; header_font_size_phone=&#8221;38px&#8221; header_font_size_last_edited=&#8221;on|phone&#8221; header_2_font_tablet=&#8221;Poppins|300|||||||&#8221; header_2_font_phone=&#8221;Poppins|300|||||||&#8221; header_2_font_last_edited=&#8221;on|phone&#8221; header_2_font_size_tablet=&#8221;31px&#8221; header_2_font_size_phone=&#8221;28px&#8221; header_2_font_size_last_edited=&#8221;on|desktop&#8221; header_2_letter_spacing_tablet=&#8221;-1px&#8221; header_2_letter_spacing_phone=&#8221;-1px&#8221; header_2_letter_spacing_last_edited=&#8221;on|desktop&#8221; header_text_shadow_style=&#8221;preset3&#8243; header_text_shadow_blur_strength=&#8221;0.5em&#8221; header_2_text_shadow_style=&#8221;preset3&#8243; header_2_text_shadow_blur_strength=&#8221;0.7em&#8221; header_2_text_shadow_color=&#8221;rgba(0,0,0,0.73)&#8221; global_colors_info=&#8221;{}&#8221;]<\/p>\n<h2>Meie teenused<\/h2>\n<h1>Hammaste valgendamine<\/h1>\n<p>[\/et_pb_text][\/et_pb_column][\/et_pb_row][\/et_pb_section][et_pb_section fb_built=&#8221;1&#8243; _builder_version=&#8221;4.23.4&#8243; _module_preset=&#8221;default&#8221; custom_margin_tablet=&#8221;&#8221; custom_margin_phone=&#8221;||||false|false&#8221; custom_margin_last_edited=&#8221;on|phone&#8221; custom_padding=&#8221;||||false|false&#8221; global_colors_info=&#8221;{}&#8221;][et_pb_row _builder_version=&#8221;4.23.4&#8243; _module_preset=&#8221;default&#8221; width_tablet=&#8221;88%&#8221; width_phone=&#8221;86%&#8221; width_last_edited=&#8221;on|phone&#8221; custom_padding=&#8221;0px|||||&#8221; collapsed=&#8221;off&#8221; global_colors_info=&#8221;{}&#8221;][et_pb_column type=&#8221;4_4&#8243; _builder_version=&#8221;4.23.4&#8243; _module_preset=&#8221;default&#8221; global_colors_info=&#8221;{}&#8221;][et_pb_text _builder_version=&#8221;4.23.4&#8243; _module_preset=&#8221;default&#8221; text_font=&#8221;Poppins|300|||||||&#8221; text_font_size=&#8221;18px&#8221; text_line_height=&#8221;1.8em&#8221; header_font=&#8221;Raleway|300|||||||&#8221; header_text_color=&#8221;#570e20&#8243; header_line_height=&#8221;1.2em&#8221; header_2_font=&#8221;Montserrat||||||||&#8221; header_3_font=&#8221;Montserrat|700|||||||&#8221; header_3_font_size=&#8221;36px&#8221; header_4_font=&#8221;Montserrat|700|||||||&#8221; header_4_text_color=&#8221;#570e20&#8243; header_4_font_size=&#8221;22px&#8221; header_4_line_height=&#8221;1.3em&#8221; text_font_size_tablet=&#8221;18px&#8221; text_font_size_phone=&#8221;15px&#8221; text_font_size_last_edited=&#8221;on|desktop&#8221; header_text_color_tablet=&#8221;#570e20&#8243; header_text_color_phone=&#8221;#570e20&#8243; header_text_color_last_edited=&#8221;on|desktop&#8221; header_font_size_tablet=&#8221;&#8221; header_font_size_phone=&#8221;&#8221; header_font_size_last_edited=&#8221;on|tablet&#8221; header_2_font_size_tablet=&#8221;&#8221; header_2_font_size_phone=&#8221;&#8221; header_2_font_size_last_edited=&#8221;on|phone&#8221; header_4_font_size_tablet=&#8221;22px&#8221; header_4_font_size_phone=&#8221;22px&#8221; header_4_font_size_last_edited=&#8221;on|desktop&#8221; global_colors_info=&#8221;{}&#8221;]<\/p>\n<p>Hammaste valgendamine on protsess, mille k\u00e4igus valgendatakse hambastruktuure keemiliselt. Hammaste v\u00e4rvimuutuse p\u00f5hjuseid aja jooksul on palju: toit, joogid (kohv, tee, punane vein jne), ravimid ja suitsetamine.<strong><br \/><\/strong><strong><br \/><\/strong><strong><br \/><\/strong>Valgendamist teevad patsiendid kodus, kasutades iga suu jaoks spetsiaalselt valmistatud kapet (st valgenduslusikat). Valgendamise sagedus v\u00f5ib ulatuda m\u00f5nest tunnist mitme p\u00e4evani v\u00f5i kauemgi, olenevalt sellest, kuidas hambad protseduurile reageerivad.<strong>\u00a0<\/strong><\/p>\n<p>&nbsp;<\/p>\n<p>Rotermanni Kliinikus soovitame kasutada spetsiaalselt valgendamiseks m\u00f5eldud <strong>Cavex ABC Masterkit-i:<\/strong><\/p>\n<p>\u2013 <strong>esimese sammuna<\/strong> kasutab patsient spetsiaalset eelt\u00f6\u00f6tlust\/pastat, et puhastada hambad ja luua valgendusgeelile sobiv keskkond;<br \/>\u2013 <strong>teises etapis<\/strong> kantakse valgenduskapele spetsiaalne valgendav geel, mida tuleb hoida suus 30 kuni 60 minutit, misj\u00e4rel tuleb hambad koos korgiga p\u00f5hjalikult geelij\u00e4\u00e4kidest puhastada;<br \/>\u2013 <strong>kolmandas etapis<\/strong> kantakse valgendusaluse sisse spetsiaalne rahustav geel, mis aitab v\u00e4ltida \u00fclitundlikkust (sulgeb dentiinituubulid ja emaili mikropraod).<\/p>\n<p>&nbsp;<\/p>\n<p><strong>Rotermanni Kliinik garanteerib Sulle uue ja s\u00e4rava naeratuse!<\/strong><\/p>\n<p>[\/et_pb_text][\/et_pb_column][\/et_pb_row][\/et_pb_section]<\/p>\n","protected":false},"excerpt":{"rendered":"<p>Meie teenused Hammaste valgendamineHammaste valgendamine on protsess, mille k\u00e4igus valgendatakse hambastruktuure keemiliselt. Hammaste v\u00e4rvimuutuse p\u00f5hjuseid aja jooksul on palju: toit, joogid (kohv, tee, punane vein jne), ravimid ja suitsetamine.Valgendamist teevad patsiendid kodus, kasutades iga suu jaoks spetsiaalselt valmistatud kapet (st valgenduslusikat). Valgendamise sagedus v\u00f5ib ulatuda m\u00f5nest tunnist mitme p\u00e4evani v\u00f5i kauemgi, olenevalt sellest, kuidas hambad [&hellip;]<\/p>\n","protected":false},"author":1,"featured_media":0,"parent":350377,"menu_order":0,"comment_status":"closed","ping_status":"closed","template":"","meta":{"_et_pb_use_builder":"on","_et_pb_old_content":"","_et_gb_content_width":"","footnotes":""},"_links":{"self":[{"href":"https:\/\/rotermannikliinik.ee\/ru\/wp-json\/wp\/v2\/pages\/351332"}],"collection":[{"href":"https:\/\/rotermannikliinik.ee\/ru\/wp-json\/wp\/v2\/pages"}],"about":[{"href":"https:\/\/rotermannikliinik.ee\/ru\/wp-json\/wp\/v2\/types\/page"}],"author":[{"embeddable":true,"href":"https:\/\/rotermannikliinik.ee\/ru\/wp-json\/wp\/v2\/users\/1"}],"replies":[{"embeddable":true,"href":"https:\/\/rotermannikliinik.ee\/ru\/wp-json\/wp\/v2\/comments?post=351332"}],"version-history":[{"count":5,"href":"https:\/\/rotermannikliinik.ee\/ru\/wp-json\/wp\/v2\/pages\/351332\/revisions"}],"predecessor-version":[{"id":351578,"href":"https:\/\/rotermannikliinik.ee\/ru\/wp-json\/wp\/v2\/pages\/351332\/revisions\/351578"}],"up":[{"embeddable":true,"href":"https:\/\/rotermannikliinik.ee\/ru\/wp-json\/wp\/v2\/pages\/350377"}],"wp:attachment":[{"href":"https:\/\/rotermannikliinik.ee\/ru\/wp-json\/wp\/v2\/media?parent=351332"}],"curies":[{"name":"wp","href":"https:\/\/api.w.org\/{rel}","templated":true}]}}