{"id":352209,"date":"2024-04-03T13:45:54","date_gmt":"2024-04-03T13:45:54","guid":{"rendered":"https:\/\/www.rotermannikliinik.ee\/?page_id=352209"},"modified":"2024-04-03T14:22:33","modified_gmt":"2024-04-03T14:22:33","slug":"privaatsusteatis","status":"publish","type":"page","link":"https:\/\/rotermannikliinik.ee\/ru\/privaatsusteatis\/","title":{"rendered":"\u041f\u043e\u043b\u0438\u0442\u0438\u043a\u0430 \u043a\u043e\u043d\u0444\u0438\u0434\u0435\u043d\u0446\u0438\u0430\u043b\u044c\u043d\u043e\u0441\u0442\u0438"},"content":{"rendered":"<p><strong><em>Uuendatud: 03.04.2024<\/em><\/strong><\/p>\n<p>&nbsp;<\/p>\n<h3 class=\"wp-block-heading\"><\/h3>\n<h3 class=\"wp-block-heading\"><\/h3>\n<h3 id=\"h-uldine\" class=\"wp-block-heading\"><strong>\u00dcLDINE<\/strong><\/h3>\n<p>Isikuandmete t\u00f6\u00f6tlemine toimub vastavalt p\u00f5him\u00f5tetele, mis on v\u00e4lja toodud selles privaatsuspoliitikas. Palume antud privaatsuspoliitikaga tutvuda ning meiega \u00fchendust v\u00f5tta, kui teil sellega seoses k\u00fcsimusi tekib.<\/p>\n<p>Allolevast privaatsuspoliitikast leiate t\u00e4pse informatsiooni milliseid isikuandmeid veebilehe <strong>( <a href=\"https:\/\/rotermannikliinik.ee\/ru\/\">https:\/\/rotermannikliinik.e<\/a><a href=\"https:\/\/rotermannikliinik.ee\/ru\/\">e<\/a> )<\/strong> kaudu kogume ja milleks neid kasutame. Austame teie \u00f5igusi, mis teil on seoses oma privaatsuse kontrollimisega. Seega leiate privaatsuspoliitikast informatsiooni ka selle kohta, kuidas oma \u00f5igusi teostada.<\/p>\n<p>J\u00e4tame endale \u00f5iguse privaatsuspoliitikat uuendada, mist\u00f5ttu tehtud muudatused j\u00f5ustuvad koheselt. Aktuaalse privaatsuspoliitika leiate alati lehelt <a href=\"https:\/\/rotermannikliinik.ee\/ru\/privaatsusteatis\/\">rotermannikliinik.ee\/privaatsusteatis<\/a><\/p>\n<p>&nbsp;<\/p>\n<h3 id=\"h-vastutav-andmetootleja\" class=\"wp-block-heading\"><strong>VASTUTAV ANDMET\u00d6\u00d6TLEJA<\/strong><\/h3>\n<p>Ettev\u00f5te: Lasnam\u00e4e Hambakliinik O\u00dc Rotermanni Kliinik Filiaal<br \/>\nAadress: T\u00e4hesaju 14, 13917 Tallinn, III korrus<br \/>\nTelefon:\u00a0<a href=\"tel:6024900\" target=\"_blank\" rel=\"noreferrer noopener\">+372 602 4900<\/a><br \/>\nE-post: <a href=\"mailto:info@rotermannikliinik.ee\">info@rotermannikliinik.ee<\/a><br \/>\nVeebileht: <a href=\"https:\/\/rotermannikliinik.ee\/ru\/\">rotermannikliinik.ee<\/a><\/p>\n<p>&nbsp;<\/p>\n<h3 id=\"h-kontaktivormidest-kogutud-informatsioon\" class=\"wp-block-heading\"><strong>KONTAKTIVORMIDEST KOGUTUD INFORMATSIOON<\/strong><\/h3>\n<p>Meie veebilehe kaudu jagatud informatsiooni t\u00f6\u00f6tleme ja s\u00e4ilitame. N\u00e4iteks meie veebilehe kontaktivormi t\u00e4itmine on meie kodulehel meiega vabatahtlikult jagatud informatsioon.<\/p>\n<p>Kontaktivormi kaudu kogutud isikuandmete eesm\u00e4rk (nimi, telefon, e-post) t\u00f6\u00f6tleme vaid eesm\u00e4rgiga vastata Teie esitatud p\u00e4ringule. Antud isikuandmete t\u00f6\u00f6tlemise toimingu puhul on \u00f5iguslikuks aluseks olenevalt olukorrast, kas andmesubjekti osalusel s\u00f5lmitud lepingu t\u00e4itmine v\u00f5i lepingu s\u00f5lmimisele eelnevate meetmete v\u00f5tmine, v\u00f5i vastutava t\u00f6\u00f6tleja \u00f5igustatud huvi. \u00d5igustatud huviks on siinkohal vastutava t\u00f6\u00f6tleja huvi vastata andmesubjekti p\u00e4ringutele.<\/p>\n<p>Kui tellite meilt teenuse, siis k\u00fcsime tellimuse t\u00e4itmiseks ja lepingu ettevalmistamiseks Teie nime, e-maili aadressi ja telefoninumbrit. \u00d5iguslik alus taoliseks andmete t\u00f6\u00f6tlemiseks on isikuandmete t\u00f6\u00f6tlemine andmesubjekti osalusel s\u00f5lmitud lepingu t\u00e4itmiseks v\u00f5i lepingu s\u00f5lmimisele eelnevate meetmete v\u00f5tmiseks vastavalt andmesubjekti taotlusele.<\/p>\n<p>P\u00e4rast p\u00e4ringule vastamist ja\/v\u00f5i tellimuse t\u00e4itmist, hoiame teie isikuandmeid alles Teiega suhtlemise h\u00f5lbustamiseks. Sellise isikuandmete t\u00f6\u00f6tlemise \u00f5iguslikuks aluseks on meie \u00f5igustatud huvi, et saaksime tagada maksimaalselt kiire ja efektiivse kommunikatsiooni oma klientidega ja muude isikutega, kes soovivad meie ettev\u00f5tte teenustest rohkem infot.<\/p>\n<p>&nbsp;<\/p>\n<h3 id=\"h-veebilehe-sirvimise-statistika\" class=\"wp-block-heading\"><strong>VEEBILEHE SIRVIMISE STATISTIKA<\/strong><\/h3>\n<p>Kogume statistikat ka veebilehe kasutuse kohta. Taoline statistika vajadus tuleneb soovist saada paremini aru meie veebilehe k\u00fclastajate k\u00e4itumisest, et saaksime veebilehe k\u00fclastajakogemust veelgi parandada.<\/p>\n<p>Informatsioon, mida salvestame sisaldab muuhulgas j\u00e4rgnevat: veebilehe k\u00fclastamise sessiooni kestus; veebilehe k\u00fclastaja asukoht; veebilehe k\u00fclastamiseks kasutatud seadme operatsioonis\u00fcsteem ja ekraani resolutsioon; IP-aadress, millelt veebilehte k\u00fclastati; veebibrauseri t\u00fc\u00fcp ja versioon. Andmeid, mis oleme kogunud k\u00fclastajate kohta kasutame vaid anon\u00fc\u00fcmsel kujul ning need ei j\u00f5ua meie juurest \u00fchegi f\u00fc\u00fcsilise isikuni edasi.<\/p>\n<p>Antud informatsiooni anal\u00fc\u00fcsimiseks kasutame Google Analytics t\u00f6\u00f6riista.<\/p>\n<p>&nbsp;<\/p>\n<h3 id=\"h-kupsised\" class=\"wp-block-heading\"><strong>K\u00dcPSISED<\/strong><\/h3>\n<p>Kasutame veebilehel k\u00fcpsiseid. K\u00fcpsised on v\u00e4ikesed tekstifailid, mille veebileht Teie seadmesse salvestab veebilehe k\u00fclastuse k\u00e4igus. T\u00e4nu k\u00fcpsistele peab veebileht meeles Teie tegevusi ja eelistusi ilma, et Te peaksite neid uuesti sisestama, kui meie veebilehte uuesti k\u00fclastate v\u00f5i \u00fchelt-lehelt teisele liigute.<\/p>\n<p>K\u00fcpsiste kasutamise vajadus tuleneb peamiselt vajadusest veebiliiklust anal\u00fc\u00fcsida ja veebilehte n\u00f5uetekohaselt toimivana hoidmiseks, kuid ka reklaamide suunamiseks Facebookis, Instagramis ja\/v\u00f5i Google\u00b4is.<\/p>\n<p>K\u00fcpsiste kasutamist on Teil v\u00f5imalik kontrollida l\u00e4bi oma seadme, kus saate need \u00fcldse \u00e4ra keelata v\u00f5i nende salvestumist piirata. Selleks peate minema veebibrauseri privaatsusseadete alla ning seadistusi muutma. Lisaks on Teil v\u00f5imalus k\u00f5ik siiani salvestunud k\u00fcpsised \u00e4ra kustutada.<\/p>\n<p>Informeerima, et kui keelate v\u00f5i piirate k\u00fcpsiste salvestumist oma arvutisse, ei pruugi k\u00f5ik funktsionaalsused meie ja ka teistel veebilehtedel korrektselt t\u00f6\u00f6tada.<\/p>\n<p>&nbsp;<\/p>\n<h3 id=\"h-kasutame-oma-veebilehel-jargmiseid-kupsiseid\" class=\"wp-block-heading\"><strong>KASUTAME OMA VEEBILEHEL J\u00c4RGMISEID K\u00dcPSISEID:<\/strong><\/h3>\n<p><strong>Google Analytics k\u00fcpsised<\/strong>\u00a0\u2013 nimetatud k\u00fcpsiseid kasutame peamiselt eesm\u00e4rgiga oma veebilehe liikluse anal\u00fc\u00fcsida ja sellest tulenevalt k\u00fclastajate kasutuskogemust parandada. Anal\u00fc\u00fcsime nii veebilehele j\u00f5udmise allikaid, k\u00fclastuse sessioonide kestvust, kui ka seda kas tegemist on esmakordse k\u00fclastusega v\u00f5i juba korduva k\u00fclastajaga.<\/p>\n<p><strong>Google Adworks k\u00fcpsised<\/strong>\u00a0\u2013 kasutame neid k\u00fcpsiseid eesm\u00e4rgiga suunata Teile reklaame ja m\u00f5\u00f5ta nende reklaamide efektiivsust, mida n\u00e4ete Googles.<\/p>\n<p><strong>Facebooki k\u00fcpsised<\/strong>\u00a0\u2013 kasutame neid k\u00fcpsiseid eesm\u00e4rgiga suunata Teile reklaame Facebookis ja\/v\u00f5i Instagramis ja m\u00f5\u00f5ta nende tulemusi.<\/p>\n<p>&nbsp;<\/p>\n<h3 id=\"h-kellega-voime-jagada-teie-isikuandmeid\" class=\"wp-block-heading\"><strong>KELLEGA V\u00d5IME JAGADA TEIE ISIKUANDMEID?<\/strong><\/h3>\n<p>Teie isikuandmeid, mille oleme kogunud oma veebilehe kaudu, ei jagata, m\u00fc\u00fcda, rendita ega avalikustata mingil muul viisil, kui vaid v\u00e4lja arvatud juhtudel:<\/p>\n<ul>\n<li>Teie kohta kogutud informatsiooni v\u00f5ime avalikustada vaid oma lepingulistele teenusepakkujatele, kui andmete avalikustamine v\u00f5imaldab antud osapooltel teostada meile \u00e4rilist, professionaalset v\u00f5i tehnilist tuge.<\/li>\n<li>Veebilehe k\u00fclastajate kohta kogutud anon\u00fc\u00fcmset informatsiooni v\u00f5ime avaldada kolmandatele osapooltele. Anon\u00fc\u00fcmne informatsioon, mida avaldada v\u00f5ime on veebilehe k\u00fclastajate arv, levinuim seade millega veebilehte k\u00fclastatakse ja k\u00f5ik muu statistiline informatsioon.<\/li>\n<\/ul>\n<p>&nbsp;<\/p>\n<h3 id=\"h-turvalisus\" class=\"wp-block-heading\"><strong>TURVALISUS<\/strong><\/h3>\n<p>Isikuandmete turvalisuse tagamiseks, mida meie veebilehe kontaktivormi kaudu meiega jagate, kasutame SSL sertifikaati ehk tehnoloogiat, mis kr\u00fcpteerib saadetud andmed, et need meieni turvaliselt j\u00f5uaksid. Meieni j\u00f5udnud andmete kaitseks kasutame t\u00e4iendavaid meetmeid nii veebilehel kui e-mailide kontodel.<\/p>\n<p>Informeerime, et vaatamata meie parimatele kavatsustele ja k\u00e4esolevas privaatsuspoliitikas loetletud p\u00f5him\u00f5tetele, ei saa me garanteerida, et taoline andmete edastamine ja kr\u00fcpteerimismeetodid tagavad 100-protsendilise turvalisuse.<\/p>\n<p>&nbsp;<\/p>\n<h3 id=\"h-teie-oigused-ja-kuidas-saate-oma-oigusi-teostada\" class=\"wp-block-heading\"><strong>TEIE \u00d5IGUSED JA KUIDAS SAATE OMA \u00d5IGUSI TEOSTADA<\/strong><\/h3>\n<p>Isikuandmete kaitse \u00fcldm\u00e4\u00e4rus loetleb, et Teil on j\u00e4rgnevad \u00f5igused:<\/p>\n<ul>\n<li>\u00f5igus taotleda juurdep\u00e4\u00e4su teie isikuandmetele;<\/li>\n<li>\u00f5igus n\u00f5uda teie isikuandmete parandamist;<\/li>\n<li>\u00f5igus n\u00f5uda teie isikuandmete kustutamist;<\/li>\n<li>\u00f5igus n\u00f5uda teie isikuandmete t\u00f6\u00f6tlemise piiramist;<\/li>\n<li>\u00f5igus esitada vastuv\u00e4iteid teie isikuandmete t\u00f6\u00f6tlemisele;<\/li>\n<li>\u00f5igus n\u00f5uda teie isikuandmete \u00fclekandmist;<\/li>\n<li>kui teie isikuandmete t\u00f6\u00f6tlemine p\u00f5hineb teie n\u00f5usolekul, on teil \u00f5igus oma n\u00f5usoleku tagasiv\u00f5tmisele.<\/li>\n<\/ul>\n<p>K\u00f5ikide v\u00f5i m\u00f5ningate nimetatud \u00f5iguste kasutamiseks, v\u00f5tke meiega \u00fchendust e-posti aadressi <strong>info@rotermannikliinik.ee<\/strong><\/p>\n<p>Kui olete veendunud, et Teie privaatsust on rikutud, siis palume Teil v\u00f5tta \u00fchendust meiega meiliaadressil<strong> <a href=\"mailto:info@rotermannikliinik.ee\">info@rotermannikliinik.ee<\/a><\/strong><\/p>\n<p>.Lisaks sellele on Teil \u00f5igus esitada kaebus vastava riigi andmekaitse j\u00e4relvalve asutusele, kus asub Teie alaline elukoht. Eestis on vastavaks asutuseks <a href=\"https:\/\/www.aki.ee\" target=\"_blank\" rel=\"noopener\"><strong>Eesti Andmekaitse Inspektsioon<\/strong> (AKI).<\/a><\/p>\n<p>&nbsp;<\/p>\n<p>&nbsp;<\/p>","protected":false},"excerpt":{"rendered":"<p>Uuendatud: 03.04.2024 &nbsp; \u00dcLDINE Isikuandmete t\u00f6\u00f6tlemine toimub vastavalt p\u00f5him\u00f5tetele, mis on v\u00e4lja toodud selles privaatsuspoliitikas. Palume antud privaatsuspoliitikaga tutvuda ning meiega \u00fchendust v\u00f5tta, kui teil sellega seoses k\u00fcsimusi tekib. Allolevast privaatsuspoliitikast leiate t\u00e4pse informatsiooni milliseid isikuandmeid veebilehe ( https:\/\/rotermannikliinik.ee ) kaudu kogume ja milleks neid kasutame. Austame teie \u00f5igusi, mis teil on seoses oma privaatsuse [&hellip;]<\/p>","protected":false},"author":1,"featured_media":0,"parent":0,"menu_order":0,"comment_status":"closed","ping_status":"closed","template":"","meta":{"_et_pb_use_builder":"off","_et_pb_old_content":"","_et_gb_content_width":"","footnotes":""},"_links":{"self":[{"href":"https:\/\/rotermannikliinik.ee\/ru\/wp-json\/wp\/v2\/pages\/352209"}],"collection":[{"href":"https:\/\/rotermannikliinik.ee\/ru\/wp-json\/wp\/v2\/pages"}],"about":[{"href":"https:\/\/rotermannikliinik.ee\/ru\/wp-json\/wp\/v2\/types\/page"}],"author":[{"embeddable":true,"href":"https:\/\/rotermannikliinik.ee\/ru\/wp-json\/wp\/v2\/users\/1"}],"replies":[{"embeddable":true,"href":"https:\/\/rotermannikliinik.ee\/ru\/wp-json\/wp\/v2\/comments?post=352209"}],"version-history":[{"count":5,"href":"https:\/\/rotermannikliinik.ee\/ru\/wp-json\/wp\/v2\/pages\/352209\/revisions"}],"predecessor-version":[{"id":352229,"href":"https:\/\/rotermannikliinik.ee\/ru\/wp-json\/wp\/v2\/pages\/352209\/revisions\/352229"}],"wp:attachment":[{"href":"https:\/\/rotermannikliinik.ee\/ru\/wp-json\/wp\/v2\/media?parent=352209"}],"curies":[{"name":"wp","href":"https:\/\/api.w.org\/{rel}","templated":true}]}}